{"id":9647,"date":"2024-08-20T15:12:06","date_gmt":"2024-08-20T15:12:06","guid":{"rendered":"https:\/\/www.buildingtrades.ca\/?page_id=9647"},"modified":"2024-10-08T17:57:00","modified_gmt":"2024-10-08T17:57:00","slug":"deduction-pour-les-outils-des-gens-de-metier","status":"publish","type":"page","link":"https:\/\/buildingtrades.ca\/fr\/deduction-pour-les-outils-des-gens-de-metier\/","title":{"rendered":"D\u00e9duction pour les outils des gens de m\u00e9tier"},"content":{"rendered":"<div data-elementor-type=\"wp-page\" data-elementor-id=\"9647\" class=\"elementor elementor-9647\" data-elementor-post-type=\"page\">\n\t\t\t\t<div class=\"elementor-element elementor-element-5a6bd365 e-flex e-con-boxed e-con e-parent\" data-id=\"5a6bd365\" data-element_type=\"container\" data-e-type=\"container\" data-settings=\"{&quot;background_background&quot;:&quot;classic&quot;}\">\n\t\t\t\t\t<div class=\"e-con-inner\">\n\t\t\t\t<div class=\"elementor-element elementor-element-72255e30 elementor-widget elementor-widget-heading\" data-id=\"72255e30\" data-element_type=\"widget\" data-e-type=\"widget\" data-widget_type=\"heading.default\">\n\t\t\t\t<div class=\"elementor-widget-container\">\n\t\t\t\t\t<h2 class=\"elementor-heading-title elementor-size-default\">ressources<\/h2>\t\t\t\t<\/div>\n\t\t\t\t<\/div>\n\t\t\t\t\t<\/div>\n\t\t\t\t<\/div>\n\t\t<div class=\"elementor-element elementor-element-221a782 e-flex e-con-boxed e-con e-parent\" data-id=\"221a782\" data-element_type=\"container\" data-e-type=\"container\">\n\t\t\t\t\t<div class=\"e-con-inner\">\n\t\t\t\t<div class=\"elementor-element elementor-element-d28c1d7 elementor-widget elementor-widget-heading\" data-id=\"d28c1d7\" data-element_type=\"widget\" data-e-type=\"widget\" data-widget_type=\"heading.default\">\n\t\t\t\t<div class=\"elementor-widget-container\">\n\t\t\t\t\t<h2 class=\"elementor-heading-title elementor-size-default\">Soutien aux membres<\/h2>\t\t\t\t<\/div>\n\t\t\t\t<\/div>\n\t\t\t\t<div class=\"elementor-element elementor-element-6c5008f elementor-widget elementor-widget-heading\" data-id=\"6c5008f\" data-element_type=\"widget\" data-e-type=\"widget\" data-widget_type=\"heading.default\">\n\t\t\t\t<div class=\"elementor-widget-container\">\n\t\t\t\t\t<h2 class=\"elementor-heading-title elementor-size-default\">d\u00e9duction pour les outils des gens de m\u00e9tier<\/h2>\t\t\t\t<\/div>\n\t\t\t\t<\/div>\n\t\t\t\t<div class=\"elementor-element elementor-element-c52339b elementor-widget__width-initial elementor-widget elementor-widget-text-editor\" data-id=\"c52339b\" data-element_type=\"widget\" data-e-type=\"widget\" data-widget_type=\"text-editor.default\">\n\t\t\t\t<div class=\"elementor-widget-container\">\n\t\t\t\t\t\t\t\t\t<p>En tant que personne de m\u00e9tier, c'est gr\u00e2ce \u00e0 tes outils que tu gagnes ton salaire. Tes outils sont maintenant d\u00e9ductibles d'imp\u00f4t lorsqu'ils sont exig\u00e9s par ton employeur - par exemple, ta liste d'outils de base sp\u00e9cifi\u00e9e dans ta convention collective. Tu peux maintenant d\u00e9duire jusqu'\u00e0 <b>$1 000 par an <\/b>pour le co\u00fbt de ces outils lors du d\u00e9p\u00f4t de ta d\u00e9claration.&nbsp;<\/p>\t\t\t\t\t\t\t\t<\/div>\n\t\t\t\t<\/div>\n\t\t\t\t\t<\/div>\n\t\t\t\t<\/div>\n\t\t<div class=\"elementor-element elementor-element-ec19ac9 e-flex e-con-boxed e-con e-parent\" data-id=\"ec19ac9\" data-element_type=\"container\" data-e-type=\"container\">\n\t\t\t\t\t<div class=\"e-con-inner\">\n\t\t<div class=\"elementor-element elementor-element-3883c79 e-con-full e-flex e-con e-child\" data-id=\"3883c79\" data-element_type=\"container\" data-e-type=\"container\">\n\t\t\t\t<div class=\"elementor-element elementor-element-598bbd4 elementor-widget elementor-widget-heading\" data-id=\"598bbd4\" data-element_type=\"widget\" data-e-type=\"widget\" data-widget_type=\"heading.default\">\n\t\t\t\t<div class=\"elementor-widget-container\">\n\t\t\t\t\t<h2 class=\"elementor-heading-title elementor-size-default\">Comment demander la d\u00e9duction pour les outils<\/h2>\t\t\t\t<\/div>\n\t\t\t\t<\/div>\n\t\t\t\t<div class=\"elementor-element elementor-element-d1f9e17 elementor-widget__width-initial elementor-widget elementor-widget-text-editor\" data-id=\"d1f9e17\" data-element_type=\"widget\" data-e-type=\"widget\" data-widget_type=\"text-editor.default\">\n\t\t\t\t<div class=\"elementor-widget-container\">\n\t\t\t\t\t\t\t\t\t<p>La d\u00e9duction pour les outils des gens de m\u00e9tier est demand\u00e9e sur\u00a0<\/p><p>La d\u00e9duction pour les outils des gens de m\u00e9tier est demand\u00e9e sur le formulaire <a href=\"https:\/\/www.canada.ca\/en\/revenue-agency\/services\/forms-publications\/forms\/t777.html\"><b>T777 <\/b><b>\u00c9tat des d\u00e9penses d'emploi\u00a0<\/b><\/a>lorsque tu remplis ta d\u00e9claration, ou en utilisant ton logiciel de pr\u00e9paration des imp\u00f4ts pr\u00e9f\u00e9r\u00e9.\u00a0<\/p><p>Inscris le montant de ta demande sur <b>Ligne 1770 <\/b>sur le formulaire T777.<\/p><p>\u00a0<\/p>\t\t\t\t\t\t\t\t<\/div>\n\t\t\t\t<\/div>\n\t\t\t\t<div class=\"elementor-element elementor-element-19d3c5a elementor-align-center elementor-widget elementor-widget-button\" data-id=\"19d3c5a\" data-element_type=\"widget\" data-e-type=\"widget\" data-widget_type=\"button.default\">\n\t\t\t\t<div class=\"elementor-widget-container\">\n\t\t\t\t\t\t\t\t\t<div class=\"elementor-button-wrapper\">\n\t\t\t\t\t<a class=\"elementor-button elementor-button-link elementor-size-sm\" href=\"#\">\n\t\t\t\t\t\t<span class=\"elementor-button-content-wrapper\">\n\t\t\t\t\t\t\t\t\t<span class=\"elementor-button-text\">Pour en savoir plus, consulte le site Web de l'Agence du revenu du Canada<\/span>\n\t\t\t\t\t<\/span>\n\t\t\t\t\t<\/a>\n\t\t\t\t<\/div>\n\t\t\t\t\t\t\t\t<\/div>\n\t\t\t\t<\/div>\n\t\t\t\t<\/div>\n\t\t<div class=\"elementor-element elementor-element-dde45d7 e-con-full e-flex e-con e-child\" data-id=\"dde45d7\" data-element_type=\"container\" data-e-type=\"container\">\n\t\t\t\t<div class=\"elementor-element elementor-element-c326a72 elementor-widget elementor-widget-heading\" data-id=\"c326a72\" data-element_type=\"widget\" data-e-type=\"widget\" data-widget_type=\"heading.default\">\n\t\t\t\t<div class=\"elementor-widget-container\">\n\t\t\t\t\t<h2 class=\"elementor-heading-title elementor-size-default\">Quels sont les outils admissibles que tu peux d\u00e9duire ?<\/h2>\t\t\t\t<\/div>\n\t\t\t\t<\/div>\n\t\t\t\t<div class=\"elementor-element elementor-element-ef30190 elementor-widget__width-initial elementor-widget elementor-widget-text-editor\" data-id=\"ef30190\" data-element_type=\"widget\" data-e-type=\"widget\" data-widget_type=\"text-editor.default\">\n\t\t\t\t<div class=\"elementor-widget-container\">\n\t\t\t\t\t\t\t\t\t<p>Un\u00a0<strong>outil \u00e9ligible<\/strong>\u00a0est un outil (y compris l'\u00e9quipement associ\u00e9 tel qu'une bo\u00eete \u00e0 outils) qui r\u00e9pond aux crit\u00e8res suivants\u00a0<strong>tous\u00a0<\/strong>des conditions suivantes :<\/p><ul><li>Tu l'as achet\u00e9 pour l'utiliser dans le cadre de ton travail de commer\u00e7ant et il n'a pas \u00e9t\u00e9 utilis\u00e9 \u00e0 d'autres fins avant que tu ne l'ach\u00e8tes.<\/li><li>Ton employeur a certifi\u00e9 qu'il \u00e9tait n\u00e9cessaire pour toi de le fournir comme condition et pour l'utiliser dans le cadre de ton travail en tant que personne de m\u00e9tier.<\/li><li>Il ne s'agit pas d'un appareil de communication \u00e9lectronique (comme un t\u00e9l\u00e9phone portable) ou d'un \u00e9quipement de traitement \u00e9lectronique des donn\u00e9es (sauf si l'appareil ou l'\u00e9quipement ne peut \u00eatre utilis\u00e9 qu'\u00e0 des fins de mesure, de localisation ou de calcul).<\/li><\/ul><div>\u00a0<\/div>\t\t\t\t\t\t\t\t<\/div>\n\t\t\t\t<\/div>\n\t\t\t\t<\/div>\n\t\t\t\t\t<\/div>\n\t\t\t\t<\/div>\n\t\t\t\t<\/div>","protected":false},"excerpt":{"rendered":"<p>ressources Soutien aux membres d\u00e9duction pour les outils des gens de m\u00e9tier En tant que personne de m\u00e9tier, c'est gr\u00e2ce \u00e0 tes outils que tu gagnes ton revenu. Tes outils sont maintenant d\u00e9ductibles d'imp\u00f4t lorsqu'ils sont exig\u00e9s par ton employeur - par exemple, ta liste d'outils de base sp\u00e9cifi\u00e9e dans ta convention collective. Tu peux maintenant r\u00e9clamer jusqu'\u00e0 $1 000 par ann\u00e9e pour le co\u00fbt [...]<\/p>","protected":false},"author":4,"featured_media":9771,"parent":0,"menu_order":0,"comment_status":"closed","ping_status":"closed","template":"","meta":{"footnotes":""},"class_list":["post-9647","page","type-page","status-publish","has-post-thumbnail","hentry"],"yoast_head":"<!-- This site is optimized with the Yoast SEO plugin v25.6 - https:\/\/yoast.com\/wordpress\/plugins\/seo\/ -->\n<title>Tradesperson Tool Deduction - Canada&#039;s Building Trades Unions<\/title>\n<meta name=\"description\" content=\"As a tradesperson, your tools are how you earn your income. Your tools are now tax deductible when they are required by your employer. (For example, your basic tool list specified in your collective agreement). You can now claim up to $1,000 per year for the cost of these tools when filing your return.\" \/>\n<meta name=\"robots\" content=\"index, follow, max-snippet:-1, max-image-preview:large, max-video-preview:-1\" \/>\n<link rel=\"canonical\" href=\"https:\/\/buildingtrades.ca\/fr\/deduction-pour-les-outils-des-gens-de-metier\/\" \/>\n<meta property=\"og:locale\" content=\"fr_CA\" \/>\n<meta property=\"og:type\" content=\"article\" \/>\n<meta property=\"og:title\" content=\"Tradesperson Tool Deduction | Canada&#039;s Building Trades Unions\" \/>\n<meta property=\"og:description\" content=\"As a tradesperson, your tools are how you earn your income. Your tools are now tax deductible when they are required by your employer. (For example, your basic tool list specified in your collective agreement). You can now claim up to $1,000 per year for the cost of these tools when filing your return.\" \/>\n<meta property=\"og:url\" content=\"https:\/\/buildingtrades.ca\/fr\/deduction-pour-les-outils-des-gens-de-metier\/\" \/>\n<meta property=\"og:site_name\" content=\"Canada&#039;s Building Trades Unions\" \/>\n<meta property=\"article:publisher\" content=\"https:\/\/www.facebook.com\/CdnTrades\/\" \/>\n<meta property=\"article:modified_time\" content=\"2024-10-08T17:57:00+00:00\" \/>\n<meta property=\"og:image\" content=\"https:\/\/buildingtrades.ca\/wp-content\/uploads\/2024\/08\/CBTU_Sharer.png\" \/>\n\t<meta property=\"og:image:width\" content=\"1200\" \/>\n\t<meta property=\"og:image:height\" content=\"630\" \/>\n\t<meta property=\"og:image:type\" content=\"image\/png\" \/>\n<meta name=\"twitter:card\" content=\"summary_large_image\" \/>\n<meta name=\"twitter:site\" content=\"@CDNTrades\" \/>\n<meta name=\"twitter:label1\" content=\"Est. reading time\" \/>\n\t<meta name=\"twitter:data1\" content=\"1 minute\" \/>\n<script type=\"application\/ld+json\" class=\"yoast-schema-graph\">{\"@context\":\"https:\/\/schema.org\",\"@graph\":[{\"@type\":\"WebPage\",\"@id\":\"https:\/\/buildingtrades.ca\/en\/tradesperson-tool-deduction\/\",\"url\":\"https:\/\/buildingtrades.ca\/en\/tradesperson-tool-deduction\/\",\"name\":\"Tradesperson Tool Deduction - Canada&#039;s Building Trades Unions\",\"isPartOf\":{\"@id\":\"https:\/\/buildingtrades.ca\/en\/#website\"},\"primaryImageOfPage\":{\"@id\":\"https:\/\/buildingtrades.ca\/en\/tradesperson-tool-deduction\/#primaryimage\"},\"image\":{\"@id\":\"https:\/\/buildingtrades.ca\/en\/tradesperson-tool-deduction\/#primaryimage\"},\"thumbnailUrl\":\"https:\/\/buildingtrades.ca\/wp-content\/uploads\/2024\/08\/CBTU_Sharer.png\",\"datePublished\":\"2024-08-20T15:12:06+00:00\",\"dateModified\":\"2024-10-08T17:57:00+00:00\",\"description\":\"As a tradesperson, your tools are how you earn your income. Your tools are now tax deductible when they are required by your employer. (For example, your basic tool list specified in your collective agreement). You can now claim up to $1,000 per year for the cost of these tools when filing your return.\",\"breadcrumb\":{\"@id\":\"https:\/\/buildingtrades.ca\/en\/tradesperson-tool-deduction\/#breadcrumb\"},\"inLanguage\":\"fr-CA\",\"potentialAction\":[{\"@type\":\"ReadAction\",\"target\":[\"https:\/\/buildingtrades.ca\/en\/tradesperson-tool-deduction\/\"]}]},{\"@type\":\"ImageObject\",\"inLanguage\":\"fr-CA\",\"@id\":\"https:\/\/buildingtrades.ca\/en\/tradesperson-tool-deduction\/#primaryimage\",\"url\":\"https:\/\/buildingtrades.ca\/wp-content\/uploads\/2024\/08\/CBTU_Sharer.png\",\"contentUrl\":\"https:\/\/buildingtrades.ca\/wp-content\/uploads\/2024\/08\/CBTU_Sharer.png\",\"width\":1200,\"height\":630},{\"@type\":\"BreadcrumbList\",\"@id\":\"https:\/\/buildingtrades.ca\/en\/tradesperson-tool-deduction\/#breadcrumb\",\"itemListElement\":[{\"@type\":\"ListItem\",\"position\":1,\"name\":\"Home\",\"item\":\"https:\/\/buildingtrades.ca\/en\/\"},{\"@type\":\"ListItem\",\"position\":2,\"name\":\"Tradesperson Tool Deduction\"}]},{\"@type\":\"WebSite\",\"@id\":\"https:\/\/buildingtrades.ca\/en\/#website\",\"url\":\"https:\/\/buildingtrades.ca\/en\/\",\"name\":\"Canada's Building Trades Unions\",\"description\":\"We are the national voice of over half a million Canadian construction workers\u2014members of 14 international unions who work in more than 60 different trades and occupations, and generate six percent of this country\u2019s GDP.\",\"publisher\":{\"@id\":\"https:\/\/buildingtrades.ca\/en\/#organization\"},\"potentialAction\":[{\"@type\":\"SearchAction\",\"target\":{\"@type\":\"EntryPoint\",\"urlTemplate\":\"https:\/\/buildingtrades.ca\/en\/?s={search_term_string}\"},\"query-input\":{\"@type\":\"PropertyValueSpecification\",\"valueRequired\":true,\"valueName\":\"search_term_string\"}}],\"inLanguage\":\"fr-CA\"},{\"@type\":\"Organization\",\"@id\":\"https:\/\/buildingtrades.ca\/en\/#organization\",\"name\":\"Canada's Building Trades Unions\",\"url\":\"https:\/\/buildingtrades.ca\/en\/\",\"logo\":{\"@type\":\"ImageObject\",\"inLanguage\":\"fr-CA\",\"@id\":\"https:\/\/buildingtrades.ca\/en\/#\/schema\/logo\/image\/\",\"url\":\"https:\/\/buildingtrades.ca\/wp-content\/uploads\/2024\/07\/cbtu-logo.svg\",\"contentUrl\":\"https:\/\/buildingtrades.ca\/wp-content\/uploads\/2024\/07\/cbtu-logo.svg\",\"width\":227,\"height\":78,\"caption\":\"Canada's Building Trades Unions\"},\"image\":{\"@id\":\"https:\/\/buildingtrades.ca\/en\/#\/schema\/logo\/image\/\"},\"sameAs\":[\"https:\/\/www.facebook.com\/CdnTrades\/\",\"https:\/\/x.com\/CDNTrades\"]}]}<\/script>\n<!-- \/ Yoast SEO plugin. -->","yoast_head_json":{"title":"D\u00e9duction pour les outils des gens de m\u00e9tier - Les Syndicats des m\u00e9tiers de la construction du Canada","description":"En tant que personne de m\u00e9tier, c'est gr\u00e2ce \u00e0 tes outils que tu gagnes ton revenu. Tes outils sont maintenant d\u00e9ductibles d'imp\u00f4t lorsqu'ils sont exig\u00e9s par ton employeur. (Par exemple, ta liste d'outils de base sp\u00e9cifi\u00e9e dans ta convention collective). Tu peux maintenant d\u00e9duire jusqu'\u00e0 $1 000 par an pour le co\u00fbt de ces outils lorsque tu remplis ta d\u00e9claration.","robots":{"index":"index","follow":"follow","max-snippet":"max-snippet:-1","max-image-preview":"max-image-preview:large","max-video-preview":"max-video-preview:-1"},"canonical":"https:\/\/buildingtrades.ca\/fr\/deduction-pour-les-outils-des-gens-de-metier\/","og_locale":"fr_CA","og_type":"article","og_title":"Tradesperson Tool Deduction | Canada's Building Trades Unions","og_description":"As a tradesperson, your tools are how you earn your income. Your tools are now tax deductible when they are required by your employer. (For example, your basic tool list specified in your collective agreement). You can now claim up to $1,000 per year for the cost of these tools when filing your return.","og_url":"https:\/\/buildingtrades.ca\/fr\/deduction-pour-les-outils-des-gens-de-metier\/","og_site_name":"Canada&#039;s Building Trades Unions","article_publisher":"https:\/\/www.facebook.com\/CdnTrades\/","article_modified_time":"2024-10-08T17:57:00+00:00","og_image":[{"width":1200,"height":630,"url":"https:\/\/buildingtrades.ca\/wp-content\/uploads\/2024\/08\/CBTU_Sharer.png","type":"image\/png"}],"twitter_card":"summary_large_image","twitter_site":"@CDNTrades","twitter_misc":{"Est. reading time":"1 minute"},"schema":{"@context":"https:\/\/schema.org","@graph":[{"@type":"WebPage","@id":"https:\/\/buildingtrades.ca\/en\/tradesperson-tool-deduction\/","url":"https:\/\/buildingtrades.ca\/en\/tradesperson-tool-deduction\/","name":"D\u00e9duction pour les outils des gens de m\u00e9tier - Les Syndicats des m\u00e9tiers de la construction du Canada","isPartOf":{"@id":"https:\/\/buildingtrades.ca\/en\/#website"},"primaryImageOfPage":{"@id":"https:\/\/buildingtrades.ca\/en\/tradesperson-tool-deduction\/#primaryimage"},"image":{"@id":"https:\/\/buildingtrades.ca\/en\/tradesperson-tool-deduction\/#primaryimage"},"thumbnailUrl":"https:\/\/buildingtrades.ca\/wp-content\/uploads\/2024\/08\/CBTU_Sharer.png","datePublished":"2024-08-20T15:12:06+00:00","dateModified":"2024-10-08T17:57:00+00:00","description":"En tant que personne de m\u00e9tier, c'est gr\u00e2ce \u00e0 tes outils que tu gagnes ton revenu. Tes outils sont maintenant d\u00e9ductibles d'imp\u00f4t lorsqu'ils sont exig\u00e9s par ton employeur. (Par exemple, ta liste d'outils de base sp\u00e9cifi\u00e9e dans ta convention collective). Tu peux maintenant d\u00e9duire jusqu'\u00e0 $1 000 par an pour le co\u00fbt de ces outils lorsque tu remplis ta d\u00e9claration.","breadcrumb":{"@id":"https:\/\/buildingtrades.ca\/en\/tradesperson-tool-deduction\/#breadcrumb"},"inLanguage":"fr-CA","potentialAction":[{"@type":"ReadAction","target":["https:\/\/buildingtrades.ca\/en\/tradesperson-tool-deduction\/"]}]},{"@type":"ImageObject","inLanguage":"fr-CA","@id":"https:\/\/buildingtrades.ca\/en\/tradesperson-tool-deduction\/#primaryimage","url":"https:\/\/buildingtrades.ca\/wp-content\/uploads\/2024\/08\/CBTU_Sharer.png","contentUrl":"https:\/\/buildingtrades.ca\/wp-content\/uploads\/2024\/08\/CBTU_Sharer.png","width":1200,"height":630},{"@type":"BreadcrumbList","@id":"https:\/\/buildingtrades.ca\/en\/tradesperson-tool-deduction\/#breadcrumb","itemListElement":[{"@type":"ListItem","position":1,"name":"Home","item":"https:\/\/buildingtrades.ca\/en\/"},{"@type":"ListItem","position":2,"name":"Tradesperson Tool Deduction"}]},{"@type":"WebSite","@id":"https:\/\/buildingtrades.ca\/en\/#website","url":"https:\/\/buildingtrades.ca\/en\/","name":"Les syndicats des m\u00e9tiers de la construction au Canada","description":"Nous sommes la voix nationale de plus d'un demi-million de travailleurs canadiens de la construction - membres de 14 syndicats internationaux qui travaillent dans plus de 60 m\u00e9tiers et professions diff\u00e9rents, et g\u00e9n\u00e8rent six pour cent du PIB de ce pays.","publisher":{"@id":"https:\/\/buildingtrades.ca\/en\/#organization"},"potentialAction":[{"@type":"SearchAction","target":{"@type":"EntryPoint","urlTemplate":"https:\/\/buildingtrades.ca\/en\/?s={search_term_string}"},"query-input":{"@type":"PropertyValueSpecification","valueRequired":true,"valueName":"search_term_string"}}],"inLanguage":"fr-CA"},{"@type":"Organization","@id":"https:\/\/buildingtrades.ca\/en\/#organization","name":"Les syndicats des m\u00e9tiers de la construction au Canada","url":"https:\/\/buildingtrades.ca\/en\/","logo":{"@type":"ImageObject","inLanguage":"fr-CA","@id":"https:\/\/buildingtrades.ca\/en\/#\/schema\/logo\/image\/","url":"https:\/\/buildingtrades.ca\/wp-content\/uploads\/2024\/07\/cbtu-logo.svg","contentUrl":"https:\/\/buildingtrades.ca\/wp-content\/uploads\/2024\/07\/cbtu-logo.svg","width":227,"height":78,"caption":"Canada's Building Trades Unions"},"image":{"@id":"https:\/\/buildingtrades.ca\/en\/#\/schema\/logo\/image\/"},"sameAs":["https:\/\/www.facebook.com\/CdnTrades\/","https:\/\/x.com\/CDNTrades"]}]}},"_links":{"self":[{"href":"https:\/\/buildingtrades.ca\/fr\/wp-json\/wp\/v2\/pages\/9647","targetHints":{"allow":["GET"]}}],"collection":[{"href":"https:\/\/buildingtrades.ca\/fr\/wp-json\/wp\/v2\/pages"}],"about":[{"href":"https:\/\/buildingtrades.ca\/fr\/wp-json\/wp\/v2\/types\/page"}],"author":[{"embeddable":true,"href":"https:\/\/buildingtrades.ca\/fr\/wp-json\/wp\/v2\/users\/4"}],"replies":[{"embeddable":true,"href":"https:\/\/buildingtrades.ca\/fr\/wp-json\/wp\/v2\/comments?post=9647"}],"version-history":[{"count":0,"href":"https:\/\/buildingtrades.ca\/fr\/wp-json\/wp\/v2\/pages\/9647\/revisions"}],"wp:featuredmedia":[{"embeddable":true,"href":"https:\/\/buildingtrades.ca\/fr\/wp-json\/wp\/v2\/media\/9771"}],"wp:attachment":[{"href":"https:\/\/buildingtrades.ca\/fr\/wp-json\/wp\/v2\/media?parent=9647"}],"curies":[{"name":"wp","href":"https:\/\/api.w.org\/{rel}","templated":true}]}}