{"id":9620,"date":"2024-08-20T13:56:41","date_gmt":"2024-08-20T13:56:41","guid":{"rendered":"https:\/\/www.buildingtrades.ca\/?page_id=9620"},"modified":"2025-01-15T15:00:45","modified_gmt":"2025-01-15T15:00:45","slug":"deduction-fiscale-pour-la-mobilite-de-la-main-doeuvre","status":"publish","type":"page","link":"https:\/\/buildingtrades.ca\/fr\/deduction-fiscale-pour-la-mobilite-de-la-main-doeuvre\/","title":{"rendered":"D\u00e9duction fiscale pour la mobilit\u00e9 de la main-d'\u0153uvre"},"content":{"rendered":"<div data-elementor-type=\"wp-page\" data-elementor-id=\"9620\" class=\"elementor elementor-9620\" data-elementor-post-type=\"page\">\n\t\t\t\t<div class=\"elementor-element elementor-element-5a6bd365 e-flex e-con-boxed e-con e-parent\" data-id=\"5a6bd365\" data-element_type=\"container\" data-e-type=\"container\" data-settings=\"{&quot;background_background&quot;:&quot;classic&quot;}\">\n\t\t\t\t\t<div class=\"e-con-inner\">\n\t\t\t\t<div class=\"elementor-element elementor-element-72255e30 elementor-widget elementor-widget-heading\" data-id=\"72255e30\" data-element_type=\"widget\" data-e-type=\"widget\" data-widget_type=\"heading.default\">\n\t\t\t\t<div class=\"elementor-widget-container\">\n\t\t\t\t\t<h2 class=\"elementor-heading-title elementor-size-default\">ressources<\/h2>\t\t\t\t<\/div>\n\t\t\t\t<\/div>\n\t\t\t\t\t<\/div>\n\t\t\t\t<\/div>\n\t\t<div class=\"elementor-element elementor-element-221a782 e-flex e-con-boxed e-con e-parent\" data-id=\"221a782\" data-element_type=\"container\" data-e-type=\"container\">\n\t\t\t\t\t<div class=\"e-con-inner\">\n\t\t\t\t<div class=\"elementor-element elementor-element-d28c1d7 elementor-widget elementor-widget-heading\" data-id=\"d28c1d7\" data-element_type=\"widget\" data-e-type=\"widget\" data-widget_type=\"heading.default\">\n\t\t\t\t<div class=\"elementor-widget-container\">\n\t\t\t\t\t<h2 class=\"elementor-heading-title elementor-size-default\">Soutien aux membres<\/h2>\t\t\t\t<\/div>\n\t\t\t\t<\/div>\n\t\t\t\t<div class=\"elementor-element elementor-element-6c5008f elementor-widget elementor-widget-heading\" data-id=\"6c5008f\" data-element_type=\"widget\" data-e-type=\"widget\" data-widget_type=\"heading.default\">\n\t\t\t\t<div class=\"elementor-widget-container\">\n\t\t\t\t\t<h2 class=\"elementor-heading-title elementor-size-default\">D\u00e9duction fiscale pour la mobilit\u00e9 de la main-d'\u0153uvre pour les gens de m\u00e9tier<\/h2>\t\t\t\t<\/div>\n\t\t\t\t<\/div>\n\t\t\t\t<div class=\"elementor-element elementor-element-c52339b elementor-widget__width-initial elementor-widget elementor-widget-text-editor\" data-id=\"c52339b\" data-element_type=\"widget\" data-e-type=\"widget\" data-widget_type=\"text-editor.default\">\n\t\t\t\t<div class=\"elementor-widget-container\">\n\t\t\t\t\t\t\t\t\t<p>Les Syndicats des m\u00e9tiers de la construction du Canada se sont battus avec acharnement et ont obtenu l'\u00e9quit\u00e9 fiscale pour les personnes de m\u00e9tier qualifi\u00e9es en 2022. Nos membres sont maintenant admissibles \u00e0 la <b>D\u00e9duction fiscale pour la mobilit\u00e9 des travailleurs<\/b>\u00a0et tu peux r\u00e9clamer jusqu'\u00e0 $4 000 par ann\u00e9e en frais de d\u00e9placement et de r\u00e9installation temporaire admissibles en tant que compagnon ou apprenti r\u00e9troactivement jusqu'au 1er janvier 2022 si tu as des re\u00e7us.<\/p>\t\t\t\t\t\t\t\t<\/div>\n\t\t\t\t<\/div>\n\t\t\t\t\t<\/div>\n\t\t\t\t<\/div>\n\t\t<div class=\"elementor-element elementor-element-ec19ac9 e-flex e-con-boxed e-con e-parent\" data-id=\"ec19ac9\" data-element_type=\"container\" data-e-type=\"container\">\n\t\t\t\t\t<div class=\"e-con-inner\">\n\t\t<div class=\"elementor-element elementor-element-3883c79 e-con-full e-flex e-con e-child\" data-id=\"3883c79\" data-element_type=\"container\" data-e-type=\"container\">\n\t\t\t\t<div class=\"elementor-element elementor-element-598bbd4 elementor-widget elementor-widget-heading\" data-id=\"598bbd4\" data-element_type=\"widget\" data-e-type=\"widget\" data-widget_type=\"heading.default\">\n\t\t\t\t<div class=\"elementor-widget-container\">\n\t\t\t\t\t<h2 class=\"elementor-heading-title elementor-size-default\">Qu'est-ce que la d\u00e9duction pour mobilit\u00e9 de la main-d'\u0153uvre ?<\/h2>\t\t\t\t<\/div>\n\t\t\t\t<\/div>\n\t\t\t\t<div class=\"elementor-element elementor-element-d1f9e17 elementor-widget__width-initial elementor-widget elementor-widget-text-editor\" data-id=\"d1f9e17\" data-element_type=\"widget\" data-e-type=\"widget\" data-widget_type=\"text-editor.default\">\n\t\t\t\t<div class=\"elementor-widget-container\">\n\t\t\t\t\t\t\t\t\t<p>Le DMT permet \u00e0 une personne de m\u00e9tier admissible (apprenti ou compagnon) de d\u00e9duire certains frais de transport, de repas et d'h\u00e9bergement temporaire engag\u00e9s pour parcourir des distances importantes afin de gagner un revenu sur un lieu de travail temporaire dans le cadre d'un emploi temporaire dans des activit\u00e9s de construction au cours de l'ann\u00e9e d'imposition 2022 et des ann\u00e9es suivantes.<\/p><p>Tu peux demander jusqu'\u00e0 $4 000 par an en utilisant le formulaire <a href=\"https:\/\/www.canada.ca\/en\/revenue-agency\/services\/forms-publications\/forms\/t777.html\"><b>T777 <\/b><b>\u00c9tat des d\u00e9penses d'emploi\u00a0<\/b><\/a>lors de la production de ta d\u00e9claration, ou \u00e0 l'aide de ton logiciel de pr\u00e9paration des d\u00e9clarations de revenus pr\u00e9f\u00e9r\u00e9. Effectue le calcul \u00e0 la page 2 du formulaire T777 et inscris le montant de ta demande \u00e0 la page 1, ligne 11 du formulaire T777.<\/p><p>Remarque : tu ne peux pas demander le DMT si tu demandes le remboursement des frais de d\u00e9m\u00e9nagement admissibles, qui sont pour une r\u00e9installation permanente.<\/p><p>\u00a0<\/p>\t\t\t\t\t\t\t\t<\/div>\n\t\t\t\t<\/div>\n\t\t\t\t<\/div>\n\t\t<div class=\"elementor-element elementor-element-dde45d7 e-con-full e-flex e-con e-child\" data-id=\"dde45d7\" data-element_type=\"container\" data-e-type=\"container\">\n\t\t\t\t<div class=\"elementor-element elementor-element-d92e7d8 elementor-widget elementor-widget-heading\" data-id=\"d92e7d8\" data-element_type=\"widget\" data-e-type=\"widget\" data-widget_type=\"heading.default\">\n\t\t\t\t<div class=\"elementor-widget-container\">\n\t\t\t\t\t<h2 class=\"elementor-heading-title elementor-size-default\">regarde le webinaire sur la fa\u00e7on de demander ta d\u00e9duction<\/h2>\t\t\t\t<\/div>\n\t\t\t\t<\/div>\n\t\t\t\t<div class=\"elementor-element elementor-element-492cd08 elementor-widget elementor-widget-video\" data-id=\"492cd08\" data-element_type=\"widget\" data-e-type=\"widget\" data-settings=\"{&quot;youtube_url&quot;:&quot;https:\\\/\\\/www.youtube.com\\\/watch?v=VN6anrxav7o&quot;,&quot;video_type&quot;:&quot;youtube&quot;,&quot;controls&quot;:&quot;yes&quot;}\" data-widget_type=\"video.default\">\n\t\t\t\t<div class=\"elementor-widget-container\">\n\t\t\t\t\t\t\t<div class=\"elementor-wrapper elementor-open-inline\">\n\t\t\t<div class=\"elementor-video\"><\/div>\t\t<\/div>\n\t\t\t\t\t\t<\/div>\n\t\t\t\t<\/div>\n\t\t\t\t<div class=\"elementor-element elementor-element-19d3c5a elementor-align-center elementor-widget elementor-widget-button\" data-id=\"19d3c5a\" data-element_type=\"widget\" data-e-type=\"widget\" data-widget_type=\"button.default\">\n\t\t\t\t<div class=\"elementor-widget-container\">\n\t\t\t\t\t\t\t\t\t<div class=\"elementor-button-wrapper\">\n\t\t\t\t\t<a class=\"elementor-button elementor-button-link elementor-size-sm\" href=\"#\">\n\t\t\t\t\t\t<span class=\"elementor-button-content-wrapper\">\n\t\t\t\t\t\t\t\t\t<span class=\"elementor-button-text\">Pour en savoir plus, consulte le site Web de l'Agence du revenu du Canada<\/span>\n\t\t\t\t\t<\/span>\n\t\t\t\t\t<\/a>\n\t\t\t\t<\/div>\n\t\t\t\t\t\t\t\t<\/div>\n\t\t\t\t<\/div>\n\t\t\t\t<\/div>\n\t\t\t\t\t<\/div>\n\t\t\t\t<\/div>\n\t\t<div class=\"elementor-element elementor-element-ab7a071 e-flex e-con-boxed e-con e-parent\" data-id=\"ab7a071\" data-element_type=\"container\" data-e-type=\"container\">\n\t\t\t\t\t<div class=\"e-con-inner\">\n\t\t<div class=\"elementor-element elementor-element-fdfcaa0 e-con-full e-flex e-con e-child\" data-id=\"fdfcaa0\" data-element_type=\"container\" data-e-type=\"container\">\n\t\t\t\t<div class=\"elementor-element elementor-element-c326a72 elementor-widget elementor-widget-heading\" data-id=\"c326a72\" data-element_type=\"widget\" data-e-type=\"widget\" data-widget_type=\"heading.default\">\n\t\t\t\t<div class=\"elementor-widget-container\">\n\t\t\t\t\t<h2 class=\"elementor-heading-title elementor-size-default\">R\u00e8gles d'admissibilit\u00e9<\/h2>\t\t\t\t<\/div>\n\t\t\t\t<\/div>\n\t\t\t\t<div class=\"elementor-element elementor-element-ef30190 elementor-widget__width-initial elementor-widget elementor-widget-text-editor\" data-id=\"ef30190\" data-element_type=\"widget\" data-e-type=\"widget\" data-widget_type=\"text-editor.default\">\n\t\t\t\t<div class=\"elementor-widget-container\">\n\t\t\t\t\t\t\t\t\t<ul><li><span style=\"color: var( --e-global-color-text ); text-align: var(--text-align);\">Tu dois effectuer un d\u00e9m\u00e9nagement temporaire qui te permet d'obtenir ou de conserver un emploi, et le travail doit \u00eatre de nature temporaire.<\/span><\/li><li><span style=\"color: var( --e-global-color-text ); text-align: var(--text-align);\">Pour en b\u00e9n\u00e9ficier, ton travail et ton logement temporaire doivent \u00eatre situ\u00e9s \u00e0 plus de 150 kilom\u00e8tres de ta r\u00e9sidence ordinaire, et \u00e0 l'int\u00e9rieur du Canada.<\/span><\/li><li><span style=\"color: var( --e-global-color-text ); text-align: var(--text-align);\">Le d\u00e9m\u00e9nagement temporaire doit \u00eatre sup\u00e9rieur \u00e0 un minimum de 36 heures.\u00a0<\/span><\/li><\/ul>\t\t\t\t\t\t\t\t<\/div>\n\t\t\t\t<\/div>\n\t\t\t\t<\/div>\n\t\t<div class=\"elementor-element elementor-element-3a7d50d e-con-full e-flex e-con e-child\" data-id=\"3a7d50d\" data-element_type=\"container\" data-e-type=\"container\">\n\t\t\t\t<div class=\"elementor-element elementor-element-762ad1a elementor-widget elementor-widget-heading\" data-id=\"762ad1a\" data-element_type=\"widget\" data-e-type=\"widget\" data-widget_type=\"heading.default\">\n\t\t\t\t<div class=\"elementor-widget-container\">\n\t\t\t\t\t<h2 class=\"elementor-heading-title elementor-size-default\">Quels sont les documents que tu dois conserver ?<\/h2>\t\t\t\t<\/div>\n\t\t\t\t<\/div>\n\t\t\t\t<div class=\"elementor-element elementor-element-4fd1056 elementor-widget__width-initial elementor-widget elementor-widget-text-editor\" data-id=\"4fd1056\" data-element_type=\"widget\" data-e-type=\"widget\" data-widget_type=\"text-editor.default\">\n\t\t\t\t<div class=\"elementor-widget-container\">\n\t\t\t\t\t\t\t\t\t<p><span style=\"color: var( --e-global-color-text ); text-align: var(--text-align);\">Tu dois conserver des dossiers pour chaque ann\u00e9e o\u00f9 tu fais la demande, y compris :<\/span><\/p><ul><li>Un journal ou un registre quotidien de tes d\u00e9penses.<\/li><li>Tous les billets, talons de billets ou re\u00e7us de voyage.<\/li><li>Les factures relatives \u00e0 ton voyage.<\/li><li>Les factures d'h\u00f4tel ou les contrats de location.<\/li><li>Relev\u00e9s mensuels de cartes de cr\u00e9dit.<\/li><li>Un journal de ton kilom\u00e9trage (les kilom\u00e8tres parcourus pendant ton d\u00e9m\u00e9nagement temporaire).<\/li><\/ul><p><span style=\"color: var( --e-global-color-text ); text-align: var(--text-align);\">\u00a0<\/span><\/p>\t\t\t\t\t\t\t\t<\/div>\n\t\t\t\t<\/div>\n\t\t\t\t<\/div>\n\t\t\t\t\t<\/div>\n\t\t\t\t<\/div>\n\t\t\t\t<\/div>","protected":false},"excerpt":{"rendered":"<p>ressources Soutien aux membres d\u00e9duction fiscale pour mobilit\u00e9 de la main-d'\u0153uvre pour les gens de m\u00e9tier Les syndicats des m\u00e9tiers de la construction du Canada se sont battus avec acharnement et ont obtenu l'\u00e9quit\u00e9 fiscale pour les gens de m\u00e9tier qualifi\u00e9s en 2022. Nos membres sont maintenant admissibles \u00e0 la d\u00e9duction fiscale pour la mobilit\u00e9 de la main-d'\u0153uvre pour les gens de m\u00e9tier (DMMO) et tu peux r\u00e9clamer jusqu'\u00e0 $4 000 par ann\u00e9e en frais de d\u00e9placement et de r\u00e9installation temporaire admissibles comme [...]<\/p>","protected":false},"author":4,"featured_media":9771,"parent":0,"menu_order":0,"comment_status":"closed","ping_status":"closed","template":"","meta":{"footnotes":""},"class_list":["post-9620","page","type-page","status-publish","has-post-thumbnail","hentry"],"yoast_head":"<!-- This site is optimized with the Yoast SEO plugin v25.6 - https:\/\/yoast.com\/wordpress\/plugins\/seo\/ -->\n<title>Labour Mobility Tax Deduction - Canada&#039;s Building Trades Unions<\/title>\n<meta name=\"description\" content=\"Canada\u2019s Building Trades Unions fought hard, and won tax fairness for skilled tradespeople in 2022. Our members are now eligible for the Labour Mobility Tax Deduction for Tradespeople (LMD) and you can claim up to $4,000 per year in eligible travel and temporary relocation expenses as a journeyworker or apprentice retroactively back to January 1, 2022 if you have receipts.\" \/>\n<meta name=\"robots\" content=\"index, follow, max-snippet:-1, max-image-preview:large, max-video-preview:-1\" \/>\n<link rel=\"canonical\" href=\"https:\/\/buildingtrades.ca\/fr\/deduction-fiscale-pour-la-mobilite-de-la-main-doeuvre\/\" \/>\n<meta property=\"og:locale\" content=\"fr_CA\" \/>\n<meta property=\"og:type\" content=\"article\" \/>\n<meta property=\"og:title\" content=\"Labour Mobility Tax Deduction for Tradespeople (LMD) | Canada&#039;s Building Trades Unions\" \/>\n<meta property=\"og:description\" content=\"Canada\u2019s Building Trades Unions fought hard, and won tax fairness for skilled tradespeople in 2022. Our members are now eligible for the Labour Mobility Tax Deduction for Tradespeople (LMD) and you can claim up to $4,000 per year in eligible travel and temporary relocation expenses as a journeyworker or apprentice retroactively back to January 1, 2022 if you have receipts.\" \/>\n<meta property=\"og:url\" content=\"https:\/\/buildingtrades.ca\/fr\/deduction-fiscale-pour-la-mobilite-de-la-main-doeuvre\/\" \/>\n<meta property=\"og:site_name\" content=\"Canada&#039;s Building Trades Unions\" \/>\n<meta property=\"article:publisher\" content=\"https:\/\/www.facebook.com\/CdnTrades\/\" \/>\n<meta property=\"article:modified_time\" content=\"2025-01-15T15:00:45+00:00\" \/>\n<meta property=\"og:image\" content=\"https:\/\/buildingtrades.ca\/wp-content\/uploads\/2024\/08\/CBTU_Sharer.png\" \/>\n\t<meta property=\"og:image:width\" content=\"1200\" \/>\n\t<meta property=\"og:image:height\" content=\"630\" \/>\n\t<meta property=\"og:image:type\" content=\"image\/png\" \/>\n<meta name=\"twitter:card\" content=\"summary_large_image\" \/>\n<meta name=\"twitter:site\" content=\"@CDNTrades\" \/>\n<meta name=\"twitter:label1\" content=\"Est. reading time\" \/>\n\t<meta name=\"twitter:data1\" content=\"2 minutes\" \/>\n<script type=\"application\/ld+json\" class=\"yoast-schema-graph\">{\"@context\":\"https:\/\/schema.org\",\"@graph\":[{\"@type\":\"WebPage\",\"@id\":\"https:\/\/buildingtrades.ca\/fr\/deduction-fiscale-pour-la-mobilite-de-la-main-doeuvre\/\",\"url\":\"https:\/\/buildingtrades.ca\/fr\/deduction-fiscale-pour-la-mobilite-de-la-main-doeuvre\/\",\"name\":\"Labour Mobility Tax Deduction - Canada&#039;s Building Trades Unions\",\"isPartOf\":{\"@id\":\"https:\/\/buildingtrades.ca\/en\/#website\"},\"primaryImageOfPage\":{\"@id\":\"https:\/\/buildingtrades.ca\/fr\/deduction-fiscale-pour-la-mobilite-de-la-main-doeuvre\/#primaryimage\"},\"image\":{\"@id\":\"https:\/\/buildingtrades.ca\/fr\/deduction-fiscale-pour-la-mobilite-de-la-main-doeuvre\/#primaryimage\"},\"thumbnailUrl\":\"https:\/\/buildingtrades.ca\/wp-content\/uploads\/2024\/08\/CBTU_Sharer.png\",\"datePublished\":\"2024-08-20T13:56:41+00:00\",\"dateModified\":\"2025-01-15T15:00:45+00:00\",\"description\":\"Canada\u2019s Building Trades Unions fought hard, and won tax fairness for skilled tradespeople in 2022. Our members are now eligible for the Labour Mobility Tax Deduction for Tradespeople (LMD) and you can claim up to $4,000 per year in eligible travel and temporary relocation expenses as a journeyworker or apprentice retroactively back to January 1, 2022 if you have receipts.\",\"breadcrumb\":{\"@id\":\"https:\/\/buildingtrades.ca\/fr\/deduction-fiscale-pour-la-mobilite-de-la-main-doeuvre\/#breadcrumb\"},\"inLanguage\":\"fr-CA\",\"potentialAction\":[{\"@type\":\"ReadAction\",\"target\":[\"https:\/\/buildingtrades.ca\/fr\/deduction-fiscale-pour-la-mobilite-de-la-main-doeuvre\/\"]}]},{\"@type\":\"ImageObject\",\"inLanguage\":\"fr-CA\",\"@id\":\"https:\/\/buildingtrades.ca\/fr\/deduction-fiscale-pour-la-mobilite-de-la-main-doeuvre\/#primaryimage\",\"url\":\"https:\/\/buildingtrades.ca\/wp-content\/uploads\/2024\/08\/CBTU_Sharer.png\",\"contentUrl\":\"https:\/\/buildingtrades.ca\/wp-content\/uploads\/2024\/08\/CBTU_Sharer.png\",\"width\":1200,\"height\":630},{\"@type\":\"BreadcrumbList\",\"@id\":\"https:\/\/buildingtrades.ca\/fr\/deduction-fiscale-pour-la-mobilite-de-la-main-doeuvre\/#breadcrumb\",\"itemListElement\":[{\"@type\":\"ListItem\",\"position\":1,\"name\":\"Home\",\"item\":\"https:\/\/buildingtrades.ca\/en\/\"},{\"@type\":\"ListItem\",\"position\":2,\"name\":\"Labour Mobility Tax Deduction\"}]},{\"@type\":\"WebSite\",\"@id\":\"https:\/\/buildingtrades.ca\/en\/#website\",\"url\":\"https:\/\/buildingtrades.ca\/en\/\",\"name\":\"Canada's Building Trades Unions\",\"description\":\"We are the national voice of over half a million Canadian construction workers\u2014members of 14 international unions who work in more than 60 different trades and occupations, and generate six percent of this country\u2019s GDP.\",\"publisher\":{\"@id\":\"https:\/\/buildingtrades.ca\/en\/#organization\"},\"potentialAction\":[{\"@type\":\"SearchAction\",\"target\":{\"@type\":\"EntryPoint\",\"urlTemplate\":\"https:\/\/buildingtrades.ca\/en\/?s={search_term_string}\"},\"query-input\":{\"@type\":\"PropertyValueSpecification\",\"valueRequired\":true,\"valueName\":\"search_term_string\"}}],\"inLanguage\":\"fr-CA\"},{\"@type\":\"Organization\",\"@id\":\"https:\/\/buildingtrades.ca\/en\/#organization\",\"name\":\"Canada's Building Trades Unions\",\"url\":\"https:\/\/buildingtrades.ca\/en\/\",\"logo\":{\"@type\":\"ImageObject\",\"inLanguage\":\"fr-CA\",\"@id\":\"https:\/\/buildingtrades.ca\/en\/#\/schema\/logo\/image\/\",\"url\":\"https:\/\/buildingtrades.ca\/wp-content\/uploads\/2024\/07\/cbtu-logo.svg\",\"contentUrl\":\"https:\/\/buildingtrades.ca\/wp-content\/uploads\/2024\/07\/cbtu-logo.svg\",\"width\":227,\"height\":78,\"caption\":\"Canada's Building Trades Unions\"},\"image\":{\"@id\":\"https:\/\/buildingtrades.ca\/en\/#\/schema\/logo\/image\/\"},\"sameAs\":[\"https:\/\/www.facebook.com\/CdnTrades\/\",\"https:\/\/x.com\/CDNTrades\"]}]}<\/script>\n<!-- \/ Yoast SEO plugin. -->","yoast_head_json":{"title":"D\u00e9duction fiscale pour la mobilit\u00e9 de la main-d'\u0153uvre - Syndicats des m\u00e9tiers de la construction du Canada","description":"Les syndicats des m\u00e9tiers de la construction du Canada se sont battus avec acharnement et ont obtenu l'\u00e9quit\u00e9 fiscale pour les gens de m\u00e9tier qualifi\u00e9s en 2022. Nos membres sont maintenant admissibles \u00e0 la d\u00e9duction fiscale pour la mobilit\u00e9 de la main-d'\u0153uvre pour les gens de m\u00e9tier (DMT) et tu peux r\u00e9clamer jusqu'\u00e0 $4 000 par ann\u00e9e en frais de d\u00e9placement et de r\u00e9installation temporaire admissibles en tant que compagnon ou apprenti r\u00e9troactivement jusqu'au 1er janvier 2022 si tu as des re\u00e7us.","robots":{"index":"index","follow":"follow","max-snippet":"max-snippet:-1","max-image-preview":"max-image-preview:large","max-video-preview":"max-video-preview:-1"},"canonical":"https:\/\/buildingtrades.ca\/fr\/deduction-fiscale-pour-la-mobilite-de-la-main-doeuvre\/","og_locale":"fr_CA","og_type":"article","og_title":"Labour Mobility Tax Deduction for Tradespeople (LMD) | Canada's Building Trades Unions","og_description":"Canada\u2019s Building Trades Unions fought hard, and won tax fairness for skilled tradespeople in 2022. Our members are now eligible for the Labour Mobility Tax Deduction for Tradespeople (LMD) and you can claim up to $4,000 per year in eligible travel and temporary relocation expenses as a journeyworker or apprentice retroactively back to January 1, 2022 if you have receipts.","og_url":"https:\/\/buildingtrades.ca\/fr\/deduction-fiscale-pour-la-mobilite-de-la-main-doeuvre\/","og_site_name":"Canada&#039;s Building Trades Unions","article_publisher":"https:\/\/www.facebook.com\/CdnTrades\/","article_modified_time":"2025-01-15T15:00:45+00:00","og_image":[{"width":1200,"height":630,"url":"https:\/\/buildingtrades.ca\/wp-content\/uploads\/2024\/08\/CBTU_Sharer.png","type":"image\/png"}],"twitter_card":"summary_large_image","twitter_site":"@CDNTrades","twitter_misc":{"Est. reading time":"2 minutes"},"schema":{"@context":"https:\/\/schema.org","@graph":[{"@type":"WebPage","@id":"https:\/\/buildingtrades.ca\/fr\/deduction-fiscale-pour-la-mobilite-de-la-main-doeuvre\/","url":"https:\/\/buildingtrades.ca\/fr\/deduction-fiscale-pour-la-mobilite-de-la-main-doeuvre\/","name":"D\u00e9duction fiscale pour la mobilit\u00e9 de la main-d'\u0153uvre - Syndicats des m\u00e9tiers de la construction du Canada","isPartOf":{"@id":"https:\/\/buildingtrades.ca\/en\/#website"},"primaryImageOfPage":{"@id":"https:\/\/buildingtrades.ca\/fr\/deduction-fiscale-pour-la-mobilite-de-la-main-doeuvre\/#primaryimage"},"image":{"@id":"https:\/\/buildingtrades.ca\/fr\/deduction-fiscale-pour-la-mobilite-de-la-main-doeuvre\/#primaryimage"},"thumbnailUrl":"https:\/\/buildingtrades.ca\/wp-content\/uploads\/2024\/08\/CBTU_Sharer.png","datePublished":"2024-08-20T13:56:41+00:00","dateModified":"2025-01-15T15:00:45+00:00","description":"Les syndicats des m\u00e9tiers de la construction du Canada se sont battus avec acharnement et ont obtenu l'\u00e9quit\u00e9 fiscale pour les gens de m\u00e9tier qualifi\u00e9s en 2022. Nos membres sont maintenant admissibles \u00e0 la d\u00e9duction fiscale pour la mobilit\u00e9 de la main-d'\u0153uvre pour les gens de m\u00e9tier (DMT) et tu peux r\u00e9clamer jusqu'\u00e0 $4 000 par ann\u00e9e en frais de d\u00e9placement et de r\u00e9installation temporaire admissibles en tant que compagnon ou apprenti r\u00e9troactivement jusqu'au 1er janvier 2022 si tu as des re\u00e7us.","breadcrumb":{"@id":"https:\/\/buildingtrades.ca\/fr\/deduction-fiscale-pour-la-mobilite-de-la-main-doeuvre\/#breadcrumb"},"inLanguage":"fr-CA","potentialAction":[{"@type":"ReadAction","target":["https:\/\/buildingtrades.ca\/fr\/deduction-fiscale-pour-la-mobilite-de-la-main-doeuvre\/"]}]},{"@type":"ImageObject","inLanguage":"fr-CA","@id":"https:\/\/buildingtrades.ca\/fr\/deduction-fiscale-pour-la-mobilite-de-la-main-doeuvre\/#primaryimage","url":"https:\/\/buildingtrades.ca\/wp-content\/uploads\/2024\/08\/CBTU_Sharer.png","contentUrl":"https:\/\/buildingtrades.ca\/wp-content\/uploads\/2024\/08\/CBTU_Sharer.png","width":1200,"height":630},{"@type":"BreadcrumbList","@id":"https:\/\/buildingtrades.ca\/fr\/deduction-fiscale-pour-la-mobilite-de-la-main-doeuvre\/#breadcrumb","itemListElement":[{"@type":"ListItem","position":1,"name":"Home","item":"https:\/\/buildingtrades.ca\/en\/"},{"@type":"ListItem","position":2,"name":"Labour Mobility Tax Deduction"}]},{"@type":"WebSite","@id":"https:\/\/buildingtrades.ca\/en\/#website","url":"https:\/\/buildingtrades.ca\/en\/","name":"Les syndicats des m\u00e9tiers de la construction au Canada","description":"Nous sommes la voix nationale de plus d'un demi-million de travailleurs canadiens de la construction - membres de 14 syndicats internationaux qui travaillent dans plus de 60 m\u00e9tiers et professions diff\u00e9rents, et g\u00e9n\u00e8rent six pour cent du PIB de ce pays.","publisher":{"@id":"https:\/\/buildingtrades.ca\/en\/#organization"},"potentialAction":[{"@type":"SearchAction","target":{"@type":"EntryPoint","urlTemplate":"https:\/\/buildingtrades.ca\/en\/?s={search_term_string}"},"query-input":{"@type":"PropertyValueSpecification","valueRequired":true,"valueName":"search_term_string"}}],"inLanguage":"fr-CA"},{"@type":"Organization","@id":"https:\/\/buildingtrades.ca\/en\/#organization","name":"Les syndicats des m\u00e9tiers de la construction au Canada","url":"https:\/\/buildingtrades.ca\/en\/","logo":{"@type":"ImageObject","inLanguage":"fr-CA","@id":"https:\/\/buildingtrades.ca\/en\/#\/schema\/logo\/image\/","url":"https:\/\/buildingtrades.ca\/wp-content\/uploads\/2024\/07\/cbtu-logo.svg","contentUrl":"https:\/\/buildingtrades.ca\/wp-content\/uploads\/2024\/07\/cbtu-logo.svg","width":227,"height":78,"caption":"Canada's Building Trades Unions"},"image":{"@id":"https:\/\/buildingtrades.ca\/en\/#\/schema\/logo\/image\/"},"sameAs":["https:\/\/www.facebook.com\/CdnTrades\/","https:\/\/x.com\/CDNTrades"]}]}},"_links":{"self":[{"href":"https:\/\/buildingtrades.ca\/fr\/wp-json\/wp\/v2\/pages\/9620","targetHints":{"allow":["GET"]}}],"collection":[{"href":"https:\/\/buildingtrades.ca\/fr\/wp-json\/wp\/v2\/pages"}],"about":[{"href":"https:\/\/buildingtrades.ca\/fr\/wp-json\/wp\/v2\/types\/page"}],"author":[{"embeddable":true,"href":"https:\/\/buildingtrades.ca\/fr\/wp-json\/wp\/v2\/users\/4"}],"replies":[{"embeddable":true,"href":"https:\/\/buildingtrades.ca\/fr\/wp-json\/wp\/v2\/comments?post=9620"}],"version-history":[{"count":0,"href":"https:\/\/buildingtrades.ca\/fr\/wp-json\/wp\/v2\/pages\/9620\/revisions"}],"wp:featuredmedia":[{"embeddable":true,"href":"https:\/\/buildingtrades.ca\/fr\/wp-json\/wp\/v2\/media\/9771"}],"wp:attachment":[{"href":"https:\/\/buildingtrades.ca\/fr\/wp-json\/wp\/v2\/media?parent=9620"}],"curies":[{"name":"wp","href":"https:\/\/api.w.org\/{rel}","templated":true}]}}