{"id":373,"date":"2024-07-23T15:44:22","date_gmt":"2024-07-23T15:44:22","guid":{"rendered":"https:\/\/www.buildingtrades.ca\/?page_id=373"},"modified":"2024-09-16T14:05:31","modified_gmt":"2024-09-16T14:05:31","slug":"des-casques-aux-casques-de-securite","status":"publish","type":"page","link":"https:\/\/buildingtrades.ca\/fr\/des-casques-aux-casques-de-securite\/","title":{"rendered":"Du R\u00e9giment aux B\u00e2timents"},"content":{"rendered":"<div data-elementor-type=\"wp-page\" data-elementor-id=\"373\" class=\"elementor elementor-373\" data-elementor-post-type=\"page\">\n\t\t\t\t<div class=\"elementor-element elementor-element-2bf14d41 e-flex e-con-boxed e-con e-parent\" data-id=\"2bf14d41\" data-element_type=\"container\" data-e-type=\"container\" data-settings=\"{&quot;background_background&quot;:&quot;classic&quot;}\">\n\t\t\t\t\t<div class=\"e-con-inner\">\n\t\t\t\t<div class=\"elementor-element elementor-element-5aeca47f elementor-widget elementor-widget-heading\" data-id=\"5aeca47f\" data-element_type=\"widget\" data-e-type=\"widget\" data-widget_type=\"heading.default\">\n\t\t\t\t<div class=\"elementor-widget-container\">\n\t\t\t\t\t<h2 class=\"elementor-heading-title elementor-size-default\">Programmes et initiatives<\/h2>\t\t\t\t<\/div>\n\t\t\t\t<\/div>\n\t\t\t\t\t<\/div>\n\t\t\t\t<\/div>\n\t\t<div class=\"elementor-element elementor-element-43a93953 e-flex e-con-boxed e-con e-parent\" data-id=\"43a93953\" data-element_type=\"container\" data-e-type=\"container\">\n\t\t\t\t\t<div class=\"e-con-inner\">\n\t\t<div class=\"elementor-element elementor-element-539ce3fd e-con-full e-flex e-con e-child\" data-id=\"539ce3fd\" data-element_type=\"container\" data-e-type=\"container\">\n\t\t\t\t<div class=\"elementor-element elementor-element-30d411ec elementor-widget elementor-widget-heading\" data-id=\"30d411ec\" data-element_type=\"widget\" data-e-type=\"widget\" data-widget_type=\"heading.default\">\n\t\t\t\t<div class=\"elementor-widget-container\">\n\t\t\t\t\t<h2 class=\"elementor-heading-title elementor-size-default\">soutenir les v\u00e9t\u00e9rans<\/h2>\t\t\t\t<\/div>\n\t\t\t\t<\/div>\n\t\t\t\t<div class=\"elementor-element elementor-element-b644d66 elementor-widget elementor-widget-heading\" data-id=\"b644d66\" data-element_type=\"widget\" data-e-type=\"widget\" data-widget_type=\"heading.default\">\n\t\t\t\t<div class=\"elementor-widget-container\">\n\t\t\t\t\t<h2 class=\"elementor-heading-title elementor-size-default\">Du R\u00e9giment aux B\u00e2timents<\/h2>\t\t\t\t<\/div>\n\t\t\t\t<\/div>\n\t\t\t\t<div class=\"elementor-element elementor-element-22dc71e elementor-widget elementor-widget-text-editor\" data-id=\"22dc71e\" data-element_type=\"widget\" data-e-type=\"widget\" data-widget_type=\"text-editor.default\">\n\t\t\t\t<div class=\"elementor-widget-container\">\n\t\t\t\t\t\t\t\t\t<p>Helmets to Hardhats (H2H) offre des possibilit\u00e9s de seconde carri\u00e8re \u00e0 la communaut\u00e9 affili\u00e9e \u00e0 l'arm\u00e9e depuis plus de dix ans. H2H veille \u00e0 ce que la communaut\u00e9 militaire ait acc\u00e8s \u00e0 des carri\u00e8res offrant les meilleurs salaires, avantages sociaux et r\u00e9gimes de retraite de l'industrie dans les m\u00e9tiers sp\u00e9cialis\u00e9s syndiqu\u00e9s.<\/p><p>Dans le cadre de ce programme, les syndicats des m\u00e9tiers de la construction du Canada et les employeurs signataires b\u00e9n\u00e9ficient d'employ\u00e9s hautement motiv\u00e9s, form\u00e9s et d\u00e9vou\u00e9s qui se joignent aux m\u00e9tiers. H2H est reconnu comme un fournisseur de services de premier plan par les Forces arm\u00e9es canadiennes et le minist\u00e8re des Anciens combattants.&nbsp;<\/p>\n<p><\/p>\t\t\t\t\t\t\t\t<\/div>\n\t\t\t\t<\/div>\n\t\t\t\t<\/div>\n\t\t<div class=\"elementor-element elementor-element-3dad3a79 e-con-full e-flex e-con e-child\" data-id=\"3dad3a79\" data-element_type=\"container\" data-e-type=\"container\">\n\t\t\t\t<div class=\"elementor-element elementor-element-51388eed elementor-cta--layout-image-above elementor-cta--valign-bottom elementor-cta--skin-classic elementor-animated-content elementor-bg-transform elementor-bg-transform-zoom-in elementor-widget elementor-widget-call-to-action\" data-id=\"51388eed\" data-element_type=\"widget\" data-e-type=\"widget\" data-widget_type=\"call-to-action.default\">\n\t\t\t\t<div class=\"elementor-widget-container\">\n\t\t\t\t\t\t\t<div class=\"elementor-cta\">\n\t\t\t\t\t<div class=\"elementor-cta__bg-wrapper\">\n\t\t\t\t<div class=\"elementor-cta__bg elementor-bg\" style=\"background-image: url(https:\/\/buildingtrades.ca\/wp-content\/uploads\/2024\/07\/H2H-1024x502.jpg);\" role=\"img\" aria-label=\"H2H\"><\/div>\n\t\t\t\t<div class=\"elementor-cta__bg-overlay\"><\/div>\n\t\t\t<\/div>\n\t\t\t\t\t\t\t<div class=\"elementor-cta__content\">\n\t\t\t\t\n\t\t\t\t\t\t\t\t\t<h2 class=\"elementor-cta__title elementor-cta__content-item elementor-content-item\">\n\t\t\t\t\t\tDu R\u00e9giment aux B\u00e2timents\t\t\t\t\t<\/h2>\n\t\t\t\t\n\t\t\t\t\n\t\t\t\t\t\t\t\t\t<div class=\"elementor-cta__button-wrapper elementor-cta__content-item elementor-content-item\">\n\t\t\t\t\t<a class=\"elementor-cta__button elementor-button elementor-size-\" href=\"https:\/\/helmetstohardhats.ca\/\">\n\t\t\t\t\t\tVisite le site web de DRB\t\t\t\t\t<\/a>\n\t\t\t\t\t<\/div>\n\t\t\t\t\t\t\t<\/div>\n\t\t\t\t\t\t<\/div>\n\t\t\t\t\t\t<\/div>\n\t\t\t\t<\/div>\n\t\t\t\t<\/div>\n\t\t\t\t\t<\/div>\n\t\t\t\t<\/div>\n\t\t<div class=\"elementor-element elementor-element-1e7e649 e-flex e-con-boxed e-con e-parent\" data-id=\"1e7e649\" data-element_type=\"container\" data-e-type=\"container\">\n\t\t\t\t\t<div class=\"e-con-inner\">\n\t\t\t\t<div class=\"elementor-element elementor-element-0c3de25 elementor-widget elementor-widget-gallery\" data-id=\"0c3de25\" data-element_type=\"widget\" data-e-type=\"widget\" data-settings=\"{&quot;lazyload&quot;:&quot;yes&quot;,&quot;gallery_layout&quot;:&quot;grid&quot;,&quot;columns&quot;:4,&quot;columns_tablet&quot;:2,&quot;columns_mobile&quot;:1,&quot;gap&quot;:{&quot;unit&quot;:&quot;px&quot;,&quot;size&quot;:10,&quot;sizes&quot;:[]},&quot;gap_tablet&quot;:{&quot;unit&quot;:&quot;px&quot;,&quot;size&quot;:10,&quot;sizes&quot;:[]},&quot;gap_mobile&quot;:{&quot;unit&quot;:&quot;px&quot;,&quot;size&quot;:10,&quot;sizes&quot;:[]},&quot;link_to&quot;:&quot;file&quot;,&quot;aspect_ratio&quot;:&quot;3:2&quot;,&quot;overlay_background&quot;:&quot;yes&quot;,&quot;content_hover_animation&quot;:&quot;fade-in&quot;}\" data-widget_type=\"gallery.default\">\n\t\t\t\t<div class=\"elementor-widget-container\">\n\t\t\t\t\t\t\t<div class=\"elementor-gallery__container\">\n\t\t\t\t\t\t\t<a class=\"e-gallery-item elementor-gallery-item elementor-animated-content\" href=\"https:\/\/buildingtrades.ca\/wp-content\/uploads\/2024\/08\/Gala-Photo-7-scaled.jpg\" data-elementor-open-lightbox=\"yes\" data-elementor-lightbox-slideshow=\"0c3de25\" data-elementor-lightbox-title=\"Gala Photo 7\" data-e-action-hash=\"#elementor-action%3Aaction%3Dlightbox%26settings%3DeyJpZCI6ODQ2MCwidXJsIjoiaHR0cHM6XC9cL2J1aWxkaW5ndHJhZGVzLmNhXC93cC1jb250ZW50XC91cGxvYWRzXC8yMDI0XC8wOFwvR2FsYS1QaG90by03LXNjYWxlZC5qcGciLCJzbGlkZXNob3ciOiIwYzNkZTI1In0%3D\">\n\t\t\t\t\t<div class=\"e-gallery-image elementor-gallery-item__image\" data-thumbnail=\"https:\/\/buildingtrades.ca\/wp-content\/uploads\/2024\/08\/Gala-Photo-7-225x300.jpg\" data-width=\"225\" data-height=\"300\" aria-label=\"\" role=\"img\" ><\/div>\n\t\t\t\t\t\t\t\t\t\t\t<div class=\"elementor-gallery-item__overlay\"><\/div>\n\t\t\t\t\t\t\t\t\t\t\t\t\t\t<\/a>\n\t\t\t\t\t\t\t<a class=\"e-gallery-item elementor-gallery-item elementor-animated-content\" href=\"https:\/\/buildingtrades.ca\/wp-content\/uploads\/2024\/08\/CBTU-D2-7-scaled.jpg\" data-elementor-open-lightbox=\"yes\" data-elementor-lightbox-slideshow=\"0c3de25\" data-elementor-lightbox-title=\"CBTU-D2-7\" data-e-action-hash=\"#elementor-action%3Aaction%3Dlightbox%26settings%3DeyJpZCI6ODQ2NCwidXJsIjoiaHR0cHM6XC9cL2J1aWxkaW5ndHJhZGVzLmNhXC93cC1jb250ZW50XC91cGxvYWRzXC8yMDI0XC8wOFwvQ0JUVS1EMi03LXNjYWxlZC5qcGciLCJzbGlkZXNob3ciOiIwYzNkZTI1In0%3D\">\n\t\t\t\t\t<div class=\"e-gallery-image elementor-gallery-item__image\" data-thumbnail=\"https:\/\/buildingtrades.ca\/wp-content\/uploads\/2024\/08\/CBTU-D2-7-300x200.jpg\" data-width=\"300\" data-height=\"200\" aria-label=\"\" role=\"img\" ><\/div>\n\t\t\t\t\t\t\t\t\t\t\t<div class=\"elementor-gallery-item__overlay\"><\/div>\n\t\t\t\t\t\t\t\t\t\t\t\t\t\t<\/a>\n\t\t\t\t\t\t\t<a class=\"e-gallery-item elementor-gallery-item elementor-animated-content\" href=\"https:\/\/buildingtrades.ca\/wp-content\/uploads\/2024\/08\/Helmets-to-Hardhats-Graphic.jpg\" data-elementor-open-lightbox=\"yes\" data-elementor-lightbox-slideshow=\"0c3de25\" data-elementor-lightbox-title=\"Helmets to Hardhats Graphic\" data-e-action-hash=\"#elementor-action%3Aaction%3Dlightbox%26settings%3DeyJpZCI6ODQ2MSwidXJsIjoiaHR0cHM6XC9cL2J1aWxkaW5ndHJhZGVzLmNhXC93cC1jb250ZW50XC91cGxvYWRzXC8yMDI0XC8wOFwvSGVsbWV0cy10by1IYXJkaGF0cy1HcmFwaGljLmpwZyIsInNsaWRlc2hvdyI6IjBjM2RlMjUifQ%3D%3D\">\n\t\t\t\t\t<div class=\"e-gallery-image elementor-gallery-item__image\" data-thumbnail=\"https:\/\/buildingtrades.ca\/wp-content\/uploads\/2024\/08\/Helmets-to-Hardhats-Graphic-300x168.jpg\" data-width=\"300\" data-height=\"168\" aria-label=\"\" role=\"img\" ><\/div>\n\t\t\t\t\t\t\t\t\t\t\t<div class=\"elementor-gallery-item__overlay\"><\/div>\n\t\t\t\t\t\t\t\t\t\t\t\t\t\t<\/a>\n\t\t\t\t\t\t\t<a class=\"e-gallery-item elementor-gallery-item elementor-animated-content\" href=\"https:\/\/buildingtrades.ca\/wp-content\/uploads\/2024\/08\/CBTU-D2-434-scaled.jpg\" data-elementor-open-lightbox=\"yes\" data-elementor-lightbox-slideshow=\"0c3de25\" data-elementor-lightbox-title=\"CBTU-D2-434\" data-e-action-hash=\"#elementor-action%3Aaction%3Dlightbox%26settings%3DeyJpZCI6ODQ2MywidXJsIjoiaHR0cHM6XC9cL2J1aWxkaW5ndHJhZGVzLmNhXC93cC1jb250ZW50XC91cGxvYWRzXC8yMDI0XC8wOFwvQ0JUVS1EMi00MzQtc2NhbGVkLmpwZyIsInNsaWRlc2hvdyI6IjBjM2RlMjUifQ%3D%3D\">\n\t\t\t\t\t<div class=\"e-gallery-image elementor-gallery-item__image\" data-thumbnail=\"https:\/\/buildingtrades.ca\/wp-content\/uploads\/2024\/08\/CBTU-D2-434-300x200.jpg\" data-width=\"300\" data-height=\"200\" aria-label=\"\" role=\"img\" ><\/div>\n\t\t\t\t\t\t\t\t\t\t\t<div class=\"elementor-gallery-item__overlay\"><\/div>\n\t\t\t\t\t\t\t\t\t\t\t\t\t\t<\/a>\n\t\t\t\t\t<\/div>\n\t\t\t\t\t<\/div>\n\t\t\t\t<\/div>\n\t\t\t\t\t<\/div>\n\t\t\t\t<\/div>\n\t\t\t\t<\/div>","protected":false},"excerpt":{"rendered":"<p>Programmes et initiatives en faveur des anciens combattants Helmets to hardhats Helmets to Hardhats (H2H) offre des possibilit\u00e9s de seconde carri\u00e8re \u00e0 la communaut\u00e9 affili\u00e9e \u00e0 l'arm\u00e9e depuis plus de dix ans. H2H veille \u00e0 ce que la communaut\u00e9 militaire soit connect\u00e9e \u00e0 des carri\u00e8res offrant les meilleurs salaires, avantages sociaux et r\u00e9gimes de retraite de l'industrie dans les m\u00e9tiers sp\u00e9cialis\u00e9s syndiqu\u00e9s. Dans le cadre de ce programme, [...]<\/p>","protected":false},"author":4,"featured_media":773,"parent":0,"menu_order":0,"comment_status":"closed","ping_status":"closed","template":"","meta":{"footnotes":""},"class_list":["post-373","page","type-page","status-publish","has-post-thumbnail","hentry"],"yoast_head":"<!-- This site is optimized with the Yoast SEO plugin v25.6 - https:\/\/yoast.com\/wordpress\/plugins\/seo\/ -->\n<title>Helmets to Hardhats - Canada&#039;s Building Trades Unions<\/title>\n<meta name=\"description\" content=\"Helmets to Hardhats (H2H) has been providing second career opportunities to the military-affiliated community for over a decade.\" \/>\n<meta name=\"robots\" content=\"index, follow, max-snippet:-1, max-image-preview:large, max-video-preview:-1\" \/>\n<link rel=\"canonical\" href=\"https:\/\/buildingtrades.ca\/fr\/des-casques-aux-casques-de-securite\/\" \/>\n<meta property=\"og:locale\" content=\"fr_CA\" \/>\n<meta property=\"og:type\" content=\"article\" \/>\n<meta property=\"og:title\" content=\"Helmets to Hardhats (H2H) | Canada&#039;s Building Trades Unions\" \/>\n<meta property=\"og:description\" content=\"Helmets to Hardhats (H2H) has been providing second career opportunities to the military-affiliated community for over a decade.\" \/>\n<meta property=\"og:url\" content=\"https:\/\/buildingtrades.ca\/fr\/des-casques-aux-casques-de-securite\/\" \/>\n<meta property=\"og:site_name\" content=\"Canada&#039;s Building Trades Unions\" \/>\n<meta property=\"article:publisher\" content=\"https:\/\/www.facebook.com\/CdnTrades\/\" \/>\n<meta property=\"article:modified_time\" content=\"2024-09-16T14:05:31+00:00\" \/>\n<meta property=\"og:image\" content=\"https:\/\/buildingtrades.ca\/wp-content\/uploads\/2024\/08\/CBTU_Sharer.png\" \/>\n\t<meta property=\"og:image:width\" content=\"1200\" \/>\n\t<meta property=\"og:image:height\" content=\"630\" \/>\n\t<meta property=\"og:image:type\" content=\"image\/png\" \/>\n<meta name=\"twitter:card\" content=\"summary_large_image\" \/>\n<meta name=\"twitter:site\" content=\"@CDNTrades\" \/>\n<meta name=\"twitter:label1\" content=\"Est. reading time\" \/>\n\t<meta name=\"twitter:data1\" content=\"1 minute\" \/>\n<script type=\"application\/ld+json\" class=\"yoast-schema-graph\">{\"@context\":\"https:\/\/schema.org\",\"@graph\":[{\"@type\":\"WebPage\",\"@id\":\"https:\/\/buildingtrades.ca\/en\/helmets-to-hardhats\/\",\"url\":\"https:\/\/buildingtrades.ca\/en\/helmets-to-hardhats\/\",\"name\":\"Helmets to Hardhats - Canada&#039;s Building Trades Unions\",\"isPartOf\":{\"@id\":\"https:\/\/buildingtrades.ca\/en\/#website\"},\"primaryImageOfPage\":{\"@id\":\"https:\/\/buildingtrades.ca\/en\/helmets-to-hardhats\/#primaryimage\"},\"image\":{\"@id\":\"https:\/\/buildingtrades.ca\/en\/helmets-to-hardhats\/#primaryimage\"},\"thumbnailUrl\":\"https:\/\/buildingtrades.ca\/wp-content\/uploads\/2024\/07\/H2H.jpg\",\"datePublished\":\"2024-07-23T15:44:22+00:00\",\"dateModified\":\"2024-09-16T14:05:31+00:00\",\"description\":\"Helmets to Hardhats (H2H) has been providing second career opportunities to the military-affiliated community for over a decade.\",\"breadcrumb\":{\"@id\":\"https:\/\/buildingtrades.ca\/en\/helmets-to-hardhats\/#breadcrumb\"},\"inLanguage\":\"fr-CA\",\"potentialAction\":[{\"@type\":\"ReadAction\",\"target\":[\"https:\/\/buildingtrades.ca\/en\/helmets-to-hardhats\/\"]}]},{\"@type\":\"ImageObject\",\"inLanguage\":\"fr-CA\",\"@id\":\"https:\/\/buildingtrades.ca\/en\/helmets-to-hardhats\/#primaryimage\",\"url\":\"https:\/\/buildingtrades.ca\/wp-content\/uploads\/2024\/07\/H2H.jpg\",\"contentUrl\":\"https:\/\/buildingtrades.ca\/wp-content\/uploads\/2024\/07\/H2H.jpg\",\"width\":2000,\"height\":980},{\"@type\":\"BreadcrumbList\",\"@id\":\"https:\/\/buildingtrades.ca\/en\/helmets-to-hardhats\/#breadcrumb\",\"itemListElement\":[{\"@type\":\"ListItem\",\"position\":1,\"name\":\"Home\",\"item\":\"https:\/\/buildingtrades.ca\/en\/\"},{\"@type\":\"ListItem\",\"position\":2,\"name\":\"Helmets to Hardhats\"}]},{\"@type\":\"WebSite\",\"@id\":\"https:\/\/buildingtrades.ca\/en\/#website\",\"url\":\"https:\/\/buildingtrades.ca\/en\/\",\"name\":\"Canada's Building Trades Unions\",\"description\":\"We are the national voice of over half a million Canadian construction workers\u2014members of 14 international unions who work in more than 60 different trades and occupations, and generate six percent of this country\u2019s GDP.\",\"publisher\":{\"@id\":\"https:\/\/buildingtrades.ca\/en\/#organization\"},\"potentialAction\":[{\"@type\":\"SearchAction\",\"target\":{\"@type\":\"EntryPoint\",\"urlTemplate\":\"https:\/\/buildingtrades.ca\/en\/?s={search_term_string}\"},\"query-input\":{\"@type\":\"PropertyValueSpecification\",\"valueRequired\":true,\"valueName\":\"search_term_string\"}}],\"inLanguage\":\"fr-CA\"},{\"@type\":\"Organization\",\"@id\":\"https:\/\/buildingtrades.ca\/en\/#organization\",\"name\":\"Canada's Building Trades Unions\",\"url\":\"https:\/\/buildingtrades.ca\/en\/\",\"logo\":{\"@type\":\"ImageObject\",\"inLanguage\":\"fr-CA\",\"@id\":\"https:\/\/buildingtrades.ca\/en\/#\/schema\/logo\/image\/\",\"url\":\"https:\/\/buildingtrades.ca\/wp-content\/uploads\/2024\/07\/cbtu-logo.svg\",\"contentUrl\":\"https:\/\/buildingtrades.ca\/wp-content\/uploads\/2024\/07\/cbtu-logo.svg\",\"width\":227,\"height\":78,\"caption\":\"Canada's Building Trades Unions\"},\"image\":{\"@id\":\"https:\/\/buildingtrades.ca\/en\/#\/schema\/logo\/image\/\"},\"sameAs\":[\"https:\/\/www.facebook.com\/CdnTrades\/\",\"https:\/\/x.com\/CDNTrades\"]}]}<\/script>\n<!-- \/ Yoast SEO plugin. -->","yoast_head_json":{"title":"Des casques aux casques de s\u00e9curit\u00e9 - Les syndicats des m\u00e9tiers de la construction du Canada","description":"Helmets to Hardhats (H2H) offre des possibilit\u00e9s de seconde carri\u00e8re \u00e0 la communaut\u00e9 affili\u00e9e \u00e0 l'arm\u00e9e depuis plus de dix ans.","robots":{"index":"index","follow":"follow","max-snippet":"max-snippet:-1","max-image-preview":"max-image-preview:large","max-video-preview":"max-video-preview:-1"},"canonical":"https:\/\/buildingtrades.ca\/fr\/des-casques-aux-casques-de-securite\/","og_locale":"fr_CA","og_type":"article","og_title":"Helmets to Hardhats (H2H) | Canada's Building Trades Unions","og_description":"Helmets to Hardhats (H2H) has been providing second career opportunities to the military-affiliated community for over a decade.","og_url":"https:\/\/buildingtrades.ca\/fr\/des-casques-aux-casques-de-securite\/","og_site_name":"Canada&#039;s Building Trades Unions","article_publisher":"https:\/\/www.facebook.com\/CdnTrades\/","article_modified_time":"2024-09-16T14:05:31+00:00","og_image":[{"width":1200,"height":630,"url":"https:\/\/buildingtrades.ca\/wp-content\/uploads\/2024\/08\/CBTU_Sharer.png","type":"image\/png"}],"twitter_card":"summary_large_image","twitter_site":"@CDNTrades","twitter_misc":{"Est. reading time":"1 minute"},"schema":{"@context":"https:\/\/schema.org","@graph":[{"@type":"WebPage","@id":"https:\/\/buildingtrades.ca\/en\/helmets-to-hardhats\/","url":"https:\/\/buildingtrades.ca\/en\/helmets-to-hardhats\/","name":"Des casques aux casques de s\u00e9curit\u00e9 - Les syndicats des m\u00e9tiers de la construction du Canada","isPartOf":{"@id":"https:\/\/buildingtrades.ca\/en\/#website"},"primaryImageOfPage":{"@id":"https:\/\/buildingtrades.ca\/en\/helmets-to-hardhats\/#primaryimage"},"image":{"@id":"https:\/\/buildingtrades.ca\/en\/helmets-to-hardhats\/#primaryimage"},"thumbnailUrl":"https:\/\/buildingtrades.ca\/wp-content\/uploads\/2024\/07\/H2H.jpg","datePublished":"2024-07-23T15:44:22+00:00","dateModified":"2024-09-16T14:05:31+00:00","description":"Helmets to Hardhats (H2H) offre des possibilit\u00e9s de seconde carri\u00e8re \u00e0 la communaut\u00e9 affili\u00e9e \u00e0 l'arm\u00e9e depuis plus de dix ans.","breadcrumb":{"@id":"https:\/\/buildingtrades.ca\/en\/helmets-to-hardhats\/#breadcrumb"},"inLanguage":"fr-CA","potentialAction":[{"@type":"ReadAction","target":["https:\/\/buildingtrades.ca\/en\/helmets-to-hardhats\/"]}]},{"@type":"ImageObject","inLanguage":"fr-CA","@id":"https:\/\/buildingtrades.ca\/en\/helmets-to-hardhats\/#primaryimage","url":"https:\/\/buildingtrades.ca\/wp-content\/uploads\/2024\/07\/H2H.jpg","contentUrl":"https:\/\/buildingtrades.ca\/wp-content\/uploads\/2024\/07\/H2H.jpg","width":2000,"height":980},{"@type":"BreadcrumbList","@id":"https:\/\/buildingtrades.ca\/en\/helmets-to-hardhats\/#breadcrumb","itemListElement":[{"@type":"ListItem","position":1,"name":"Home","item":"https:\/\/buildingtrades.ca\/en\/"},{"@type":"ListItem","position":2,"name":"Helmets to Hardhats"}]},{"@type":"WebSite","@id":"https:\/\/buildingtrades.ca\/en\/#website","url":"https:\/\/buildingtrades.ca\/en\/","name":"Les syndicats des m\u00e9tiers de la construction au Canada","description":"Nous sommes la voix nationale de plus d'un demi-million de travailleurs canadiens de la construction - membres de 14 syndicats internationaux qui travaillent dans plus de 60 m\u00e9tiers et professions diff\u00e9rents, et g\u00e9n\u00e8rent six pour cent du PIB de ce pays.","publisher":{"@id":"https:\/\/buildingtrades.ca\/en\/#organization"},"potentialAction":[{"@type":"SearchAction","target":{"@type":"EntryPoint","urlTemplate":"https:\/\/buildingtrades.ca\/en\/?s={search_term_string}"},"query-input":{"@type":"PropertyValueSpecification","valueRequired":true,"valueName":"search_term_string"}}],"inLanguage":"fr-CA"},{"@type":"Organization","@id":"https:\/\/buildingtrades.ca\/en\/#organization","name":"Les syndicats des m\u00e9tiers de la construction au Canada","url":"https:\/\/buildingtrades.ca\/en\/","logo":{"@type":"ImageObject","inLanguage":"fr-CA","@id":"https:\/\/buildingtrades.ca\/en\/#\/schema\/logo\/image\/","url":"https:\/\/buildingtrades.ca\/wp-content\/uploads\/2024\/07\/cbtu-logo.svg","contentUrl":"https:\/\/buildingtrades.ca\/wp-content\/uploads\/2024\/07\/cbtu-logo.svg","width":227,"height":78,"caption":"Canada's Building Trades Unions"},"image":{"@id":"https:\/\/buildingtrades.ca\/en\/#\/schema\/logo\/image\/"},"sameAs":["https:\/\/www.facebook.com\/CdnTrades\/","https:\/\/x.com\/CDNTrades"]}]}},"_links":{"self":[{"href":"https:\/\/buildingtrades.ca\/fr\/wp-json\/wp\/v2\/pages\/373","targetHints":{"allow":["GET"]}}],"collection":[{"href":"https:\/\/buildingtrades.ca\/fr\/wp-json\/wp\/v2\/pages"}],"about":[{"href":"https:\/\/buildingtrades.ca\/fr\/wp-json\/wp\/v2\/types\/page"}],"author":[{"embeddable":true,"href":"https:\/\/buildingtrades.ca\/fr\/wp-json\/wp\/v2\/users\/4"}],"replies":[{"embeddable":true,"href":"https:\/\/buildingtrades.ca\/fr\/wp-json\/wp\/v2\/comments?post=373"}],"version-history":[{"count":0,"href":"https:\/\/buildingtrades.ca\/fr\/wp-json\/wp\/v2\/pages\/373\/revisions"}],"wp:featuredmedia":[{"embeddable":true,"href":"https:\/\/buildingtrades.ca\/fr\/wp-json\/wp\/v2\/media\/773"}],"wp:attachment":[{"href":"https:\/\/buildingtrades.ca\/fr\/wp-json\/wp\/v2\/media?parent=373"}],"curies":[{"name":"wp","href":"https:\/\/api.w.org\/{rel}","templated":true}]}}