{"id":345,"date":"2024-07-23T15:22:28","date_gmt":"2024-07-23T15:22:28","guid":{"rendered":"https:\/\/www.buildingtrades.ca\/?page_id=345"},"modified":"2024-09-16T16:33:13","modified_gmt":"2024-09-16T16:33:13","slug":"rapports-soumissions","status":"publish","type":"page","link":"https:\/\/buildingtrades.ca\/fr\/rapports-soumissions\/","title":{"rendered":"Rapports et soumissions"},"content":{"rendered":"<div data-elementor-type=\"wp-page\" data-elementor-id=\"345\" class=\"elementor elementor-345\" data-elementor-post-type=\"page\">\n\t\t\t\t<div class=\"elementor-element elementor-element-197ae79f e-flex e-con-boxed e-con e-parent\" data-id=\"197ae79f\" data-element_type=\"container\" data-e-type=\"container\" data-settings=\"{&quot;background_background&quot;:&quot;classic&quot;}\">\n\t\t\t\t\t<div class=\"e-con-inner\">\n\t\t\t\t<div class=\"elementor-element elementor-element-781ea4e8 elementor-widget elementor-widget-heading\" data-id=\"781ea4e8\" data-element_type=\"widget\" data-e-type=\"widget\" data-widget_type=\"heading.default\">\n\t\t\t\t<div class=\"elementor-widget-container\">\n\t\t\t\t\t<h2 class=\"elementor-heading-title elementor-size-default\">Rapports et soumissions<\/h2>\t\t\t\t<\/div>\n\t\t\t\t<\/div>\n\t\t\t\t\t<\/div>\n\t\t\t\t<\/div>\n\t\t<div class=\"elementor-element elementor-element-ebcd11d e-flex e-con-boxed e-con e-parent\" data-id=\"ebcd11d\" data-element_type=\"container\" data-e-type=\"container\">\n\t\t\t\t\t<div class=\"e-con-inner\">\n\t\t<div class=\"elementor-element elementor-element-62fe9cb e-con-full e-flex e-con e-child\" data-id=\"62fe9cb\" data-element_type=\"container\" data-e-type=\"container\">\n\t\t\t\t<div class=\"elementor-element elementor-element-3044bce9 elementor-widget elementor-widget-heading\" data-id=\"3044bce9\" data-element_type=\"widget\" data-e-type=\"widget\" data-widget_type=\"heading.default\">\n\t\t\t\t<div class=\"elementor-widget-container\">\n\t\t\t\t\t<h2 class=\"elementor-heading-title elementor-size-default\">plaidoyer<\/h2>\t\t\t\t<\/div>\n\t\t\t\t<\/div>\n\t\t\t\t<div class=\"elementor-element elementor-element-ab511d9 elementor-widget elementor-widget-heading\" data-id=\"ab511d9\" data-element_type=\"widget\" data-e-type=\"widget\" data-widget_type=\"heading.default\">\n\t\t\t\t<div class=\"elementor-widget-container\">\n\t\t\t\t\t<h2 class=\"elementor-heading-title elementor-size-default\">Faire avancer le plaidoyer<\/h2>\t\t\t\t<\/div>\n\t\t\t\t<\/div>\n\t\t\t\t<div class=\"elementor-element elementor-element-16bcc34 elementor-widget elementor-widget-text-editor\" data-id=\"16bcc34\" data-element_type=\"widget\" data-e-type=\"widget\" data-widget_type=\"text-editor.default\">\n\t\t\t\t<div class=\"elementor-widget-container\">\n\t\t\t\t\t\t\t\t\t<p>Les Syndicats des m\u00e9tiers de la construction du Canada produisent fr\u00e9quemment des rapports et des \u00e9tudes pour soutenir leur travail de plaidoyer, tout en soumettant des propositions aux processus de consultation et d'\u00e9laboration des politiques du gouvernement.\u00a0<\/p><p>Tu trouveras ci-dessous des copies de documents produits par le SMCC et ses organisations provinciales, locales et partenaires.<\/p>\t\t\t\t\t\t\t\t<\/div>\n\t\t\t\t<\/div>\n\t\t\t\t<\/div>\n\t\t<div class=\"elementor-element elementor-element-49a8718 e-con-full e-flex e-con e-child\" data-id=\"49a8718\" data-element_type=\"container\" data-e-type=\"container\" data-settings=\"{&quot;background_background&quot;:&quot;classic&quot;}\">\n\t\t\t\t<div class=\"elementor-element elementor-element-4ff2d2a elementor-widget elementor-widget-heading\" data-id=\"4ff2d2a\" data-element_type=\"widget\" data-e-type=\"widget\" data-widget_type=\"heading.default\">\n\t\t\t\t<div class=\"elementor-widget-container\">\n\t\t\t\t\t<h2 class=\"elementor-heading-title elementor-size-default\">Rapports en vedette<\/h2>\t\t\t\t<\/div>\n\t\t\t\t<\/div>\n\t\t\t\t<div class=\"elementor-element elementor-element-11b0106 animated-slow elementor-widget elementor-widget-image\" data-id=\"11b0106\" data-element_type=\"widget\" data-e-type=\"widget\" data-settings=\"{&quot;_animation&quot;:&quot;none&quot;}\" data-widget_type=\"image.default\">\n\t\t\t\t<div class=\"elementor-widget-container\">\n\t\t\t\t\t\t\t\t\t\t\t\t\t\t\t\t<a href=\"\/wp-content\/uploads\/2024\/07\/CBTU-2025-Pre-Budget-Consultation.pdf\">\n\t\t\t\t\t\t\t<img fetchpriority=\"high\" decoding=\"async\" width=\"819\" height=\"1059\" src=\"https:\/\/buildingtrades.ca\/wp-content\/uploads\/2024\/07\/CBTU_2025_Pre-Budget.png\" class=\"attachment-full size-full wp-image-671\" alt=\"\" srcset=\"https:\/\/buildingtrades.ca\/wp-content\/uploads\/2024\/07\/CBTU_2025_Pre-Budget.png 819w, https:\/\/buildingtrades.ca\/wp-content\/uploads\/2024\/07\/CBTU_2025_Pre-Budget-232x300.png 232w, https:\/\/buildingtrades.ca\/wp-content\/uploads\/2024\/07\/CBTU_2025_Pre-Budget-792x1024.png 792w, https:\/\/buildingtrades.ca\/wp-content\/uploads\/2024\/07\/CBTU_2025_Pre-Budget-768x993.png 768w\" sizes=\"(max-width: 819px) 100vw, 819px\" \/>\t\t\t\t\t\t\t\t<\/a>\n\t\t\t\t\t\t\t\t\t\t\t\t\t\t\t<\/div>\n\t\t\t\t<\/div>\n\t\t\t\t<div class=\"elementor-element elementor-element-2c56e36 elementor-widget elementor-widget-heading\" data-id=\"2c56e36\" data-element_type=\"widget\" data-e-type=\"widget\" data-widget_type=\"heading.default\">\n\t\t\t\t<div class=\"elementor-widget-container\">\n\t\t\t\t\t<h2 class=\"elementor-heading-title elementor-size-default\"><a href=\"\/wp-content\/uploads\/2024\/07\/CBTU-2025-Pre-Budget-Consultation.pdf\">2025 Pr\u00e9sentation du budget f\u00e9d\u00e9ral<\/a><\/h2>\t\t\t\t<\/div>\n\t\t\t\t<\/div>\n\t\t\t\t<\/div>\n\t\t<div class=\"elementor-element elementor-element-e90f6f8 e-con-full e-flex e-con e-child\" data-id=\"e90f6f8\" data-element_type=\"container\" data-e-type=\"container\">\n\t\t\t\t<div class=\"elementor-element elementor-element-25629f4 elementor-widget elementor-widget-heading\" data-id=\"25629f4\" data-element_type=\"widget\" data-e-type=\"widget\" data-widget_type=\"heading.default\">\n\t\t\t\t<div class=\"elementor-widget-container\">\n\t\t\t\t\t<h2 class=\"elementor-heading-title elementor-size-default\">Rapports en vedette<\/h2>\t\t\t\t<\/div>\n\t\t\t\t<\/div>\n\t\t\t\t<div class=\"elementor-element elementor-element-3db7496 elementor-widget elementor-widget-image\" data-id=\"3db7496\" data-element_type=\"widget\" data-e-type=\"widget\" data-widget_type=\"image.default\">\n\t\t\t\t<div class=\"elementor-widget-container\">\n\t\t\t\t\t\t\t\t\t\t\t\t\t\t\t\t<a href=\"\/wp-content\/uploads\/2024\/07\/BC-Building-Trades-Help-Wanted.pdf\">\n\t\t\t\t\t\t\t<img decoding=\"async\" width=\"616\" height=\"802\" src=\"https:\/\/buildingtrades.ca\/wp-content\/uploads\/2024\/07\/Help-Wanted.png\" class=\"attachment-large size-large wp-image-673\" alt=\"\" srcset=\"https:\/\/buildingtrades.ca\/wp-content\/uploads\/2024\/07\/Help-Wanted.png 616w, https:\/\/buildingtrades.ca\/wp-content\/uploads\/2024\/07\/Help-Wanted-230x300.png 230w\" sizes=\"(max-width: 616px) 100vw, 616px\" \/>\t\t\t\t\t\t\t\t<\/a>\n\t\t\t\t\t\t\t\t\t\t\t\t\t\t\t<\/div>\n\t\t\t\t<\/div>\n\t\t\t\t<div class=\"elementor-element elementor-element-8634523 elementor-widget elementor-widget-heading\" data-id=\"8634523\" data-element_type=\"widget\" data-e-type=\"widget\" data-widget_type=\"heading.default\">\n\t\t\t\t<div class=\"elementor-widget-container\">\n\t\t\t\t\t<h2 class=\"elementor-heading-title elementor-size-default\"><a href=\"\/wp-content\/uploads\/2024\/07\/BC-Building-Trades-Help-Wanted.pdf\">Rapport sur l'immigration dans les m\u00e9tiers du b\u00e2timent en Colombie-Britannique<\/a><\/h2>\t\t\t\t<\/div>\n\t\t\t\t<\/div>\n\t\t\t\t<\/div>\n\t\t\t\t\t<\/div>\n\t\t\t\t<\/div>\n\t\t<div class=\"elementor-element elementor-element-c00f5e8 e-flex e-con-boxed e-con e-parent\" data-id=\"c00f5e8\" data-element_type=\"container\" data-e-type=\"container\">\n\t\t\t\t\t<div class=\"e-con-inner\">\n\t\t<div class=\"elementor-element elementor-element-bc96d77 e-con-full e-flex e-con e-child\" data-id=\"bc96d77\" data-element_type=\"container\" data-e-type=\"container\">\n\t\t\t\t<div class=\"elementor-element elementor-element-7cfe90aa elementor-widget elementor-widget-heading\" data-id=\"7cfe90aa\" data-element_type=\"widget\" data-e-type=\"widget\" data-widget_type=\"heading.default\">\n\t\t\t\t<div class=\"elementor-widget-container\">\n\t\t\t\t\t<h2 class=\"elementor-heading-title elementor-size-default\">propositions de budget f\u00e9d\u00e9ral<\/h2>\t\t\t\t<\/div>\n\t\t\t\t<\/div>\n\t\t\t\t<div class=\"elementor-element elementor-element-3e51369 elementor-widget elementor-widget-text-editor\" data-id=\"3e51369\" data-element_type=\"widget\" data-e-type=\"widget\" data-widget_type=\"text-editor.default\">\n\t\t\t\t<div class=\"elementor-widget-container\">\n\t\t\t\t\t\t\t\t\t<p><a href=\"\/wp-content\/uploads\/2024\/07\/CBTU-2025-Pre-Budget-Consultation.pdf\">Pr\u00e9sentation du budget f\u00e9d\u00e9ral 2025<\/a><br \/><a href=\"\/wp-content\/uploads\/2024\/07\/CBTU-Pre-Budget-Submission-2024_FINAL_EN.pdf\">Pr\u00e9sentation du budget f\u00e9d\u00e9ral 2024<\/a><br \/><a href=\"\/wp-content\/uploads\/2024\/07\/CBTU-Pre-Budget-Submission-2023_FINAL-.pdf\">Pr\u00e9sentation du budget f\u00e9d\u00e9ral 2023<\/a><\/p>\t\t\t\t\t\t\t\t<\/div>\n\t\t\t\t<\/div>\n\t\t\t\t<div class=\"elementor-element elementor-element-bd8baba elementor-widget elementor-widget-heading\" data-id=\"bd8baba\" data-element_type=\"widget\" data-e-type=\"widget\" data-widget_type=\"heading.default\">\n\t\t\t\t<div class=\"elementor-widget-container\">\n\t\t\t\t\t<h2 class=\"elementor-heading-title elementor-size-default\">Consultation et soumissions de politiques<\/h2>\t\t\t\t<\/div>\n\t\t\t\t<\/div>\n\t\t\t\t<div class=\"elementor-element elementor-element-900e21c elementor-widget elementor-widget-text-editor\" data-id=\"900e21c\" data-element_type=\"widget\" data-e-type=\"widget\" data-widget_type=\"text-editor.default\">\n\t\t\t\t<div class=\"elementor-widget-container\">\n\t\t\t\t\t\t\t\t\t<p>R\u00e9ponse \u00e0 la consultation : Examen g\u00e9n\u00e9ral du CPTPP<\/p>\t\t\t\t\t\t\t\t<\/div>\n\t\t\t\t<\/div>\n\t\t\t\t<\/div>\n\t\t<div class=\"elementor-element elementor-element-3158aed e-con-full e-flex e-con e-child\" data-id=\"3158aed\" data-element_type=\"container\" data-e-type=\"container\">\n\t\t\t\t<div class=\"elementor-element elementor-element-61c7f08 elementor-widget elementor-widget-heading\" data-id=\"61c7f08\" data-element_type=\"widget\" data-e-type=\"widget\" data-widget_type=\"heading.default\">\n\t\t\t\t<div class=\"elementor-widget-container\">\n\t\t\t\t\t<h2 class=\"elementor-heading-title elementor-size-default\">Rapports de recherche<\/h2>\t\t\t\t<\/div>\n\t\t\t\t<\/div>\n\t\t\t\t<div class=\"elementor-element elementor-element-2259f4d elementor-widget elementor-widget-text-editor\" data-id=\"2259f4d\" data-element_type=\"widget\" data-e-type=\"widget\" data-widget_type=\"text-editor.default\">\n\t\t\t\t<div class=\"elementor-widget-container\">\n\t\t\t\t\t\t\t\t\t<p>Rapport du CBTU sur la sant\u00e9 mentale (bient\u00f4t disponible)\u00a0<br \/><a href=\"\/wp-content\/uploads\/2024\/07\/CBTU-Jobs-for-Tomorrow-Canadas-Building-Trades-and-Net-Zero-Emissions.pdf\">Des emplois pour demain : Les m\u00e9tiers de la construction au Canada et les \u00e9missions nettes z\u00e9ro<\/a><br \/><a href=\"https:\/\/buildingtrades.ca\/wp-content\/uploads\/2024\/08\/Creating-a-more-diverse-and-inclusive-skilled-trades-workforce-1.pdf\">Cr\u00e9er une main-d'\u0153uvre qualifi\u00e9e diversifi\u00e9e et inclusive<\/a><\/p>\t\t\t\t\t\t\t\t<\/div>\n\t\t\t\t<\/div>\n\t\t\t\t<div class=\"elementor-element elementor-element-8666b9c elementor-widget elementor-widget-heading\" data-id=\"8666b9c\" data-element_type=\"widget\" data-e-type=\"widget\" data-widget_type=\"heading.default\">\n\t\t\t\t<div class=\"elementor-widget-container\">\n\t\t\t\t\t<h2 class=\"elementor-heading-title elementor-size-default\">rapports sur l'industrie et ANALYSE ACAD\u00c9MIQUE<\/h2>\t\t\t\t<\/div>\n\t\t\t\t<\/div>\n\t\t\t\t<div class=\"elementor-element elementor-element-8585afc elementor-widget elementor-widget-text-editor\" data-id=\"8585afc\" data-element_type=\"widget\" data-e-type=\"widget\" data-widget_type=\"text-editor.default\">\n\t\t\t\t<div class=\"elementor-widget-container\">\n\t\t\t\t\t\t\t\t\t<p><a href=\"https:\/\/www.buildforce.ca\/system\/files\/documents\/BFC-IMM-Report_EN.pdf\">BuildForce Canada : Mise \u00e0 jour du rapport sur l'immigration<\/a><br><a href=\"\/wp-content\/uploads\/2024\/07\/BC-Building-Trades-Help-Wanted.pdf\">BCBT : Rapport sur l'immigration<br><\/a><br><\/p>\t\t\t\t\t\t\t\t<\/div>\n\t\t\t\t<\/div>\n\t\t\t\t<\/div>\n\t\t\t\t\t<\/div>\n\t\t\t\t<\/div>\n\t\t\t\t<\/div>","protected":false},"excerpt":{"rendered":"<p>Rapports et soumissions plaidoyer Faire progresser le plaidoyer Les Syndicats des m\u00e9tiers de la construction du Canada produisent fr\u00e9quemment des rapports et des \u00e9tudes pour appuyer leur travail de plaidoyer, en plus de pr\u00e9senter des soumissions aux processus de consultation et d'\u00e9laboration des politiques du gouvernement.  Tu trouveras ci-dessous des copies de documents produits par le CBTU et ses organisations provinciales, locales et partenaires. Rapports en vedette 2025 Pr\u00e9sentation du budget f\u00e9d\u00e9ral [...]<\/p>","protected":false},"author":4,"featured_media":9771,"parent":0,"menu_order":0,"comment_status":"closed","ping_status":"closed","template":"","meta":{"footnotes":""},"class_list":["post-345","page","type-page","status-publish","has-post-thumbnail","hentry"],"yoast_head":"<!-- This site is optimized with the Yoast SEO plugin v25.6 - https:\/\/yoast.com\/wordpress\/plugins\/seo\/ -->\n<title>Reports &amp; Submissions - Canada&#039;s Building Trades Unions<\/title>\n<meta name=\"description\" content=\"Canada\u2019s Building Trades Unions frequently produces reports and studies to support its advocacy work, alongside making submissions to government consultative and policy development processes. Below you\u2019ll find copies of materials that have been produced by CBTU and its provincial, local, and partner organizations.\" \/>\n<meta name=\"robots\" content=\"index, follow, max-snippet:-1, max-image-preview:large, max-video-preview:-1\" \/>\n<link rel=\"canonical\" href=\"https:\/\/buildingtrades.ca\/fr\/rapports-soumissions\/\" \/>\n<meta property=\"og:locale\" content=\"fr_CA\" \/>\n<meta property=\"og:type\" content=\"article\" \/>\n<meta property=\"og:title\" content=\"Reports &amp; Submissions | Canada&#039;s Building Trades Unions\" \/>\n<meta property=\"og:description\" content=\"Canada\u2019s Building Trades Unions frequently produces reports and studies to support its advocacy work, alongside making submissions to government consultative and policy development processes. Below you\u2019ll find copies of materials that have been produced by CBTU and its provincial, local, and partner organizations.\" \/>\n<meta property=\"og:url\" content=\"https:\/\/buildingtrades.ca\/fr\/rapports-soumissions\/\" \/>\n<meta property=\"og:site_name\" content=\"Canada&#039;s Building Trades Unions\" \/>\n<meta property=\"article:publisher\" content=\"https:\/\/www.facebook.com\/CdnTrades\/\" \/>\n<meta property=\"article:modified_time\" content=\"2024-09-16T16:33:13+00:00\" \/>\n<meta property=\"og:image\" content=\"https:\/\/buildingtrades.ca\/wp-content\/uploads\/2024\/08\/CBTU_Sharer.png\" \/>\n\t<meta property=\"og:image:width\" content=\"1200\" \/>\n\t<meta property=\"og:image:height\" content=\"630\" \/>\n\t<meta property=\"og:image:type\" content=\"image\/png\" \/>\n<meta name=\"twitter:card\" content=\"summary_large_image\" \/>\n<meta name=\"twitter:site\" content=\"@CDNTrades\" \/>\n<meta name=\"twitter:label1\" content=\"Est. reading time\" \/>\n\t<meta name=\"twitter:data1\" content=\"2 minutes\" \/>\n<script type=\"application\/ld+json\" class=\"yoast-schema-graph\">{\"@context\":\"https:\/\/schema.org\",\"@graph\":[{\"@type\":\"WebPage\",\"@id\":\"https:\/\/buildingtrades.ca\/en\/reports-submissions\/\",\"url\":\"https:\/\/buildingtrades.ca\/en\/reports-submissions\/\",\"name\":\"Reports &amp; Submissions - Canada&#039;s Building Trades Unions\",\"isPartOf\":{\"@id\":\"https:\/\/buildingtrades.ca\/en\/#website\"},\"primaryImageOfPage\":{\"@id\":\"https:\/\/buildingtrades.ca\/en\/reports-submissions\/#primaryimage\"},\"image\":{\"@id\":\"https:\/\/buildingtrades.ca\/en\/reports-submissions\/#primaryimage\"},\"thumbnailUrl\":\"https:\/\/buildingtrades.ca\/wp-content\/uploads\/2024\/08\/CBTU_Sharer.png\",\"datePublished\":\"2024-07-23T15:22:28+00:00\",\"dateModified\":\"2024-09-16T16:33:13+00:00\",\"description\":\"Canada\u2019s Building Trades Unions frequently produces reports and studies to support its advocacy work, alongside making submissions to government consultative and policy development processes. Below you\u2019ll find copies of materials that have been produced by CBTU and its provincial, local, and partner organizations.\",\"breadcrumb\":{\"@id\":\"https:\/\/buildingtrades.ca\/en\/reports-submissions\/#breadcrumb\"},\"inLanguage\":\"fr-CA\",\"potentialAction\":[{\"@type\":\"ReadAction\",\"target\":[\"https:\/\/buildingtrades.ca\/en\/reports-submissions\/\"]}]},{\"@type\":\"ImageObject\",\"inLanguage\":\"fr-CA\",\"@id\":\"https:\/\/buildingtrades.ca\/en\/reports-submissions\/#primaryimage\",\"url\":\"https:\/\/buildingtrades.ca\/wp-content\/uploads\/2024\/08\/CBTU_Sharer.png\",\"contentUrl\":\"https:\/\/buildingtrades.ca\/wp-content\/uploads\/2024\/08\/CBTU_Sharer.png\",\"width\":1200,\"height\":630},{\"@type\":\"BreadcrumbList\",\"@id\":\"https:\/\/buildingtrades.ca\/en\/reports-submissions\/#breadcrumb\",\"itemListElement\":[{\"@type\":\"ListItem\",\"position\":1,\"name\":\"Home\",\"item\":\"https:\/\/buildingtrades.ca\/en\/\"},{\"@type\":\"ListItem\",\"position\":2,\"name\":\"Reports &amp; Submissions\"}]},{\"@type\":\"WebSite\",\"@id\":\"https:\/\/buildingtrades.ca\/en\/#website\",\"url\":\"https:\/\/buildingtrades.ca\/en\/\",\"name\":\"Canada's Building Trades Unions\",\"description\":\"We are the national voice of over half a million Canadian construction workers\u2014members of 14 international unions who work in more than 60 different trades and occupations, and generate six percent of this country\u2019s GDP.\",\"publisher\":{\"@id\":\"https:\/\/buildingtrades.ca\/en\/#organization\"},\"potentialAction\":[{\"@type\":\"SearchAction\",\"target\":{\"@type\":\"EntryPoint\",\"urlTemplate\":\"https:\/\/buildingtrades.ca\/en\/?s={search_term_string}\"},\"query-input\":{\"@type\":\"PropertyValueSpecification\",\"valueRequired\":true,\"valueName\":\"search_term_string\"}}],\"inLanguage\":\"fr-CA\"},{\"@type\":\"Organization\",\"@id\":\"https:\/\/buildingtrades.ca\/en\/#organization\",\"name\":\"Canada's Building Trades Unions\",\"url\":\"https:\/\/buildingtrades.ca\/en\/\",\"logo\":{\"@type\":\"ImageObject\",\"inLanguage\":\"fr-CA\",\"@id\":\"https:\/\/buildingtrades.ca\/en\/#\/schema\/logo\/image\/\",\"url\":\"https:\/\/buildingtrades.ca\/wp-content\/uploads\/2024\/07\/cbtu-logo.svg\",\"contentUrl\":\"https:\/\/buildingtrades.ca\/wp-content\/uploads\/2024\/07\/cbtu-logo.svg\",\"width\":227,\"height\":78,\"caption\":\"Canada's Building Trades Unions\"},\"image\":{\"@id\":\"https:\/\/buildingtrades.ca\/en\/#\/schema\/logo\/image\/\"},\"sameAs\":[\"https:\/\/www.facebook.com\/CdnTrades\/\",\"https:\/\/x.com\/CDNTrades\"]}]}<\/script>\n<!-- \/ Yoast SEO plugin. -->","yoast_head_json":{"title":"Rapports et soumissions - Syndicats des m\u00e9tiers de la construction du Canada","description":"Les Syndicats des m\u00e9tiers de la construction du Canada produisent fr\u00e9quemment des rapports et des \u00e9tudes pour appuyer leur travail de d\u00e9fense des droits, en plus de soumettre des propositions aux processus de consultation et d'\u00e9laboration des politiques du gouvernement. Tu trouveras ci-dessous des copies de documents produits par le CBTU et ses organisations provinciales, locales et partenaires.","robots":{"index":"index","follow":"follow","max-snippet":"max-snippet:-1","max-image-preview":"max-image-preview:large","max-video-preview":"max-video-preview:-1"},"canonical":"https:\/\/buildingtrades.ca\/fr\/rapports-soumissions\/","og_locale":"fr_CA","og_type":"article","og_title":"Reports & Submissions | Canada's Building Trades Unions","og_description":"Canada\u2019s Building Trades Unions frequently produces reports and studies to support its advocacy work, alongside making submissions to government consultative and policy development processes. Below you\u2019ll find copies of materials that have been produced by CBTU and its provincial, local, and partner organizations.","og_url":"https:\/\/buildingtrades.ca\/fr\/rapports-soumissions\/","og_site_name":"Canada&#039;s Building Trades Unions","article_publisher":"https:\/\/www.facebook.com\/CdnTrades\/","article_modified_time":"2024-09-16T16:33:13+00:00","og_image":[{"width":1200,"height":630,"url":"https:\/\/buildingtrades.ca\/wp-content\/uploads\/2024\/08\/CBTU_Sharer.png","type":"image\/png"}],"twitter_card":"summary_large_image","twitter_site":"@CDNTrades","twitter_misc":{"Est. reading time":"2 minutes"},"schema":{"@context":"https:\/\/schema.org","@graph":[{"@type":"WebPage","@id":"https:\/\/buildingtrades.ca\/en\/reports-submissions\/","url":"https:\/\/buildingtrades.ca\/en\/reports-submissions\/","name":"Rapports et soumissions - Syndicats des m\u00e9tiers de la construction du Canada","isPartOf":{"@id":"https:\/\/buildingtrades.ca\/en\/#website"},"primaryImageOfPage":{"@id":"https:\/\/buildingtrades.ca\/en\/reports-submissions\/#primaryimage"},"image":{"@id":"https:\/\/buildingtrades.ca\/en\/reports-submissions\/#primaryimage"},"thumbnailUrl":"https:\/\/buildingtrades.ca\/wp-content\/uploads\/2024\/08\/CBTU_Sharer.png","datePublished":"2024-07-23T15:22:28+00:00","dateModified":"2024-09-16T16:33:13+00:00","description":"Les Syndicats des m\u00e9tiers de la construction du Canada produisent fr\u00e9quemment des rapports et des \u00e9tudes pour appuyer leur travail de d\u00e9fense des droits, en plus de soumettre des propositions aux processus de consultation et d'\u00e9laboration des politiques du gouvernement. Tu trouveras ci-dessous des copies de documents produits par le CBTU et ses organisations provinciales, locales et partenaires.","breadcrumb":{"@id":"https:\/\/buildingtrades.ca\/en\/reports-submissions\/#breadcrumb"},"inLanguage":"fr-CA","potentialAction":[{"@type":"ReadAction","target":["https:\/\/buildingtrades.ca\/en\/reports-submissions\/"]}]},{"@type":"ImageObject","inLanguage":"fr-CA","@id":"https:\/\/buildingtrades.ca\/en\/reports-submissions\/#primaryimage","url":"https:\/\/buildingtrades.ca\/wp-content\/uploads\/2024\/08\/CBTU_Sharer.png","contentUrl":"https:\/\/buildingtrades.ca\/wp-content\/uploads\/2024\/08\/CBTU_Sharer.png","width":1200,"height":630},{"@type":"BreadcrumbList","@id":"https:\/\/buildingtrades.ca\/en\/reports-submissions\/#breadcrumb","itemListElement":[{"@type":"ListItem","position":1,"name":"Home","item":"https:\/\/buildingtrades.ca\/en\/"},{"@type":"ListItem","position":2,"name":"Reports &amp; Submissions"}]},{"@type":"WebSite","@id":"https:\/\/buildingtrades.ca\/en\/#website","url":"https:\/\/buildingtrades.ca\/en\/","name":"Les syndicats des m\u00e9tiers de la construction au Canada","description":"Nous sommes la voix nationale de plus d'un demi-million de travailleurs canadiens de la construction - membres de 14 syndicats internationaux qui travaillent dans plus de 60 m\u00e9tiers et professions diff\u00e9rents, et g\u00e9n\u00e8rent six pour cent du PIB de ce pays.","publisher":{"@id":"https:\/\/buildingtrades.ca\/en\/#organization"},"potentialAction":[{"@type":"SearchAction","target":{"@type":"EntryPoint","urlTemplate":"https:\/\/buildingtrades.ca\/en\/?s={search_term_string}"},"query-input":{"@type":"PropertyValueSpecification","valueRequired":true,"valueName":"search_term_string"}}],"inLanguage":"fr-CA"},{"@type":"Organization","@id":"https:\/\/buildingtrades.ca\/en\/#organization","name":"Les syndicats des m\u00e9tiers de la construction au Canada","url":"https:\/\/buildingtrades.ca\/en\/","logo":{"@type":"ImageObject","inLanguage":"fr-CA","@id":"https:\/\/buildingtrades.ca\/en\/#\/schema\/logo\/image\/","url":"https:\/\/buildingtrades.ca\/wp-content\/uploads\/2024\/07\/cbtu-logo.svg","contentUrl":"https:\/\/buildingtrades.ca\/wp-content\/uploads\/2024\/07\/cbtu-logo.svg","width":227,"height":78,"caption":"Canada's Building Trades Unions"},"image":{"@id":"https:\/\/buildingtrades.ca\/en\/#\/schema\/logo\/image\/"},"sameAs":["https:\/\/www.facebook.com\/CdnTrades\/","https:\/\/x.com\/CDNTrades"]}]}},"_links":{"self":[{"href":"https:\/\/buildingtrades.ca\/fr\/wp-json\/wp\/v2\/pages\/345","targetHints":{"allow":["GET"]}}],"collection":[{"href":"https:\/\/buildingtrades.ca\/fr\/wp-json\/wp\/v2\/pages"}],"about":[{"href":"https:\/\/buildingtrades.ca\/fr\/wp-json\/wp\/v2\/types\/page"}],"author":[{"embeddable":true,"href":"https:\/\/buildingtrades.ca\/fr\/wp-json\/wp\/v2\/users\/4"}],"replies":[{"embeddable":true,"href":"https:\/\/buildingtrades.ca\/fr\/wp-json\/wp\/v2\/comments?post=345"}],"version-history":[{"count":0,"href":"https:\/\/buildingtrades.ca\/fr\/wp-json\/wp\/v2\/pages\/345\/revisions"}],"wp:featuredmedia":[{"embeddable":true,"href":"https:\/\/buildingtrades.ca\/fr\/wp-json\/wp\/v2\/media\/9771"}],"wp:attachment":[{"href":"https:\/\/buildingtrades.ca\/fr\/wp-json\/wp\/v2\/media?parent=345"}],"curies":[{"name":"wp","href":"https:\/\/api.w.org\/{rel}","templated":true}]}}